{"id":4958,"date":"2024-02-28T19:47:22","date_gmt":"2024-02-28T19:47:22","guid":{"rendered":"http:\/\/liminal-creative-blueprint.local\/?page_id=4958"},"modified":"2025-09-23T21:47:19","modified_gmt":"2025-09-23T21:47:19","slug":"home-page","status":"publish","type":"page","link":"https:\/\/maameinc.org\/es\/","title":{"rendered":"P\u00e1gina de inicio"},"content":{"rendered":"<h1>\n\t\t\tAtenci\u00f3n compasiva que honra <i>cada nacimiento.<\/i>\t<\/h1>\n\t<p>\u00danase a nosotros en la remodelaci\u00f3n de la salud materna a trav\u00e9s de doulas de confianza y atenci\u00f3n arraigada en la comunidad.<\/p>\n\t\t\t<a href=\"https:\/\/maameinc.org\/es\/our-mission\/\" target=\"_self\">\n\t\t\t\t\t\t\tM\u00e1s informaci\u00f3n\n\t\t\t\t\t<\/a>\n\t<em>La atenci\u00f3n durante el parto no deber\u00eda ser un privilegio.<\/em><br \/>\nHacemos que el parto sea m\u00e1s seguro y m\u00e1s humano.\n\t<p>Demasiadas familias afrontan el embarazo y el parto sin la atenci\u00f3n, la dignidad o el apoyo que merecen. Proporcionamos la atenci\u00f3n, el apoyo y la comunidad culturalmente arraigados que toda familia merece durante el embarazo, el parto y m\u00e1s all\u00e1.<\/p>\n<h2>\n\t\t\tNuestro modelo\t<\/h2>\n\t<p>Acompa\u00f1amos a las familias durante el parto y despu\u00e9s, y capacitamos a los profesionales del parto para que trabajen con un enfoque basado en la cultura, la comunidad y la evidencia. Todos nuestros programas se basan en la confianza, la intenci\u00f3n y el impacto duradero.<\/p>\n\t\t\t<a href=\"\/es\/our-model\/\" target=\"_self\">\n\t\t\t\t\t\t\tVea nuestro modelo\n\t\t\t\t\t<\/a>\n\t\t\t\t<img decoding=\"async\" data-src=\"https:\/\/maameinc.org\/wp-content\/uploads\/2025\/07\/Group-90-1-e1751775467264.png\" alt=\"Group 90 (1)\" itemprop=\"image\" height=\"324\" width=\"430\" title=\"Grupo 90 (1)\" onerror=\"this.style.display='none'\" src=\"data:image\/svg+xml;base64,PHN2ZyB3aWR0aD0iMSIgaGVpZ2h0PSIxIiB4bWxucz0iaHR0cDovL3d3dy53My5vcmcvMjAwMC9zdmciPjwvc3ZnPg==\" class=\"lazyload\" style=\"--smush-placeholder-width: 430px; --smush-placeholder-aspect-ratio: 430\/324;\" \/>\n<h3>\n\t\t\tEmbarazo y m\u00e1s all\u00e1\t<\/h3>\n\t<p>Atenci\u00f3n con ra\u00edces culturales para cada etapa: embarazo, parto y m\u00e1s all\u00e1.<\/p>\n\t\t\t\t<img decoding=\"async\" data-src=\"https:\/\/maameinc.org\/wp-content\/uploads\/2025\/09\/Frame-3.png\" alt=\"Frame (3)\" itemprop=\"image\" height=\"690\" width=\"852\" title=\"Marco (3)\" onerror=\"this.style.display='none'\" src=\"data:image\/svg+xml;base64,PHN2ZyB3aWR0aD0iMSIgaGVpZ2h0PSIxIiB4bWxucz0iaHR0cDovL3d3dy53My5vcmcvMjAwMC9zdmciPjwvc3ZnPg==\" class=\"lazyload\" style=\"--smush-placeholder-width: 852px; --smush-placeholder-aspect-ratio: 852\/690;\" \/>\n<h3>\n\t\t\tBienestar comunitario\t<\/h3>\n\t<p>Curaci\u00f3n, educaci\u00f3n y apoyo basado en pruebas que capacitan a las familias para prosperar.<\/p>\n\t\t\t\t<img decoding=\"async\" data-src=\"https:\/\/maameinc.org\/wp-content\/uploads\/2025\/07\/Group-90-3.png\" alt=\"Group 90 (3)\" itemprop=\"image\" height=\"327\" width=\"428\" title=\"Grupo 90 (3)\" onerror=\"this.style.display='none'\" src=\"data:image\/svg+xml;base64,PHN2ZyB3aWR0aD0iMSIgaGVpZ2h0PSIxIiB4bWxucz0iaHR0cDovL3d3dy53My5vcmcvMjAwMC9zdmciPjwvc3ZnPg==\" class=\"lazyload\" style=\"--smush-placeholder-width: 428px; --smush-placeholder-aspect-ratio: 428\/327;\" \/>\n<h3>\n\t\t\tCreaci\u00f3n de nuevos modelos asistenciales\t<\/h3>\n\t<p>Un cambio transformador que forme al personal sanitario perinatal y cree poder desde la base.<\/p>\n<h2>\n\t\t\tNuestros programas\t<\/h2>\n\t<p>Proporcionamos una atenci\u00f3n maternal hol\u00edstica que apoya a las familias en todas las etapas de la crianza de los hijos. Mediante servicios culturalmente arraigados y cambios liderados por la comunidad, fomentamos la dignidad, la equidad y el impacto a largo plazo.<\/p>\n<h3>\n\t\t\tSalud materna\t<\/h3>\n\t<p>La atenci\u00f3n de doula basada en la comunidad se presta a trav\u00e9s de m\u00faltiples puntos de acceso y se basa en la confianza, la flexibilidad y la conexi\u00f3n cultural.<\/p>\n\t<p><a href=\"\/es\/maternal-health\/\"><em>M\u00e1s informaci\u00f3n \u2192<\/em><\/a><\/p>\n<h3>\n\t\t\tSalud mental y bienestar\t<\/h3>\n\t<p>Apoyo entre iguales y cuidados para el bienestar dise\u00f1ados para la resiliencia emocional, la confianza de los padres y la conexi\u00f3n cultural.<\/p>\n\t<p><a href=\"\/es\/mental-health-wellness\/\"><em>M\u00e1s informaci\u00f3n \u2192<\/em><\/a><\/p>\n<h3>\n\t\t\tPrimeros alimentos\t<\/h3>\n\t<p>Apoyo a la lactancia materna y acceso a alimentos que honren la cultura, mejoren la salud y nutran a las familias.<\/p>\n\t<p><a href=\"\/es\/first-foods\/\"><em>M\u00e1s informaci\u00f3n \u2192<\/em><\/a><\/p>\n<h3>\n\t\t\tDesarrollo de la mano de obra <br \/>&amp; Justicia econ\u00f3mica\t<\/h3>\n\t<p>Formaci\u00f3n y trayectorias profesionales para los trabajadores de la salud perinatal: promover la equidad y crear empleos basados en la atenci\u00f3n.<\/p>\n\t<p><a href=\"\/es\/workforce-development\/\"><em>M\u00e1s informaci\u00f3n \u2192<\/em><\/a><\/p>\n<h3>\n\t\t\tJusticia medioambiental\t<\/h3>\n\t<p>Educaci\u00f3n y acci\u00f3n para abordar las condiciones ambientales que condicionan los resultados de los partos y la salud materna.<\/p>\n\t<p><a href=\"\/es\/environmental-justice\/\"><em>M\u00e1s informaci\u00f3n \u2192<\/em><\/a><\/p>\n<h3>\n\t\t\tInvestigaci\u00f3n comunitaria\t<\/h3>\n\t<p>Programas creados con las familias, y no solo para ellas, mediante una investigaci\u00f3n colaborativa y participativa.<\/p>\n\t<p><a href=\"\/es\/community-based-research\/\"><em>M\u00e1s informaci\u00f3n \u2192<\/em><\/a><\/p>\n<h2>\n\t\t\t\u00bfEs usted miembro de Healthy Blue?\t<\/h2>\n\t<p>Para solicitar servicios de doula en Carolina del Norte, llame a Servicios al Miembro de Healthy Blue al (844) 594-5070 y pida hablar con un Administrador de Atenci\u00f3n. Aseg\u00farese de solicitar a MAAME, Inc. como su agencia de atenci\u00f3n de doula preferida.<\/p>\n\t\t\t<a href=\"\" target=\"_self\">\n\t\t\t\t\t\t\tLlame ahora\n\t\t\t\t\t<\/a>\n<h2>\n\t\t\tMantente conectado\t<\/h2>\n\t<p>Sea el primero en enterarse de las novedades, historias y formas de participar.<\/p>\n\t\t\t\t<img decoding=\"async\" data-src=\"https:\/\/maameinc.org\/wp-content\/uploads\/2025\/09\/image-3.jpg\" alt=\"image-3\" itemprop=\"image\" height=\"662\" width=\"585\" title=\"imagen-3\" onerror=\"this.style.display='none'\" src=\"data:image\/svg+xml;base64,PHN2ZyB3aWR0aD0iMSIgaGVpZ2h0PSIxIiB4bWxucz0iaHR0cDovL3d3dy53My5vcmcvMjAwMC9zdmciPjwvc3ZnPg==\" class=\"lazyload\" style=\"--smush-placeholder-width: 585px; --smush-placeholder-aspect-ratio: 585\/662;\" \/>","protected":false},"excerpt":{"rendered":"<p>Atenci\u00f3n compasiva que honra cada nacimiento. \u00danase a nosotros para transformar la salud materna a trav\u00e9s de doulas de confianza y atenci\u00f3n arraigada en la comunidad. M\u00e1s informaci\u00f3n La atenci\u00f3n durante el parto no deber\u00eda ser un privilegio. Hacemos que el parto sea m\u00e1s seguro y m\u00e1s humano. Demasiadas familias atraviesan el embarazo y el parto sin la atenci\u00f3n, la dignidad o el apoyo que merecen. Ofrecemos una atenci\u00f3n arraigada en la cultura...<\/p>","protected":false},"author":1,"featured_media":0,"parent":0,"menu_order":0,"comment_status":"closed","ping_status":"closed","template":"","meta":{"_monsterinsights_skip_tracking":false,"_monsterinsights_sitenote_active":false,"_monsterinsights_sitenote_note":"","_monsterinsights_sitenote_category":0,"footnotes":""},"class_list":["post-4958","page","type-page","status-publish","hentry"],"yoast_head":"<!-- This site is optimized with the Yoast SEO plugin v27.4 - https:\/\/yoast.com\/product\/yoast-seo-wordpress\/ -->\n<title>MAAME | Community-Rooted Maternal Health &amp; Birth Equity in NC<\/title>\n<meta name=\"description\" content=\"MAAME delivers culturally rooted, community-led care across North Carolina\u2014supporting families with dignity, equity, and compassion\" \/>\n<meta name=\"robots\" content=\"index, follow, max-snippet:-1, max-image-preview:large, max-video-preview:-1\" \/>\n<link rel=\"canonical\" href=\"https:\/\/maameinc.org\/es\/\" \/>\n<meta property=\"og:locale\" content=\"es_MX\" \/>\n<meta property=\"og:type\" content=\"article\" \/>\n<meta property=\"og:title\" content=\"MAAME | Community-Rooted Maternal Health &amp; Birth Equity in NC\" \/>\n<meta property=\"og:description\" content=\"MAAME delivers culturally rooted, community-led care across North Carolina\u2014supporting families with dignity, equity, and compassion\" \/>\n<meta property=\"og:url\" content=\"https:\/\/maameinc.org\/es\/\" \/>\n<meta property=\"og:site_name\" content=\"Maame\" \/>\n<meta property=\"article:modified_time\" content=\"2025-09-23T21:47:19+00:00\" \/>\n<meta property=\"og:image\" content=\"https:\/\/maameinc.org\/wp-content\/uploads\/2025\/07\/Group-90-1-e1751775467264.png\" \/>\n<meta name=\"twitter:card\" content=\"summary_large_image\" \/>\n<meta name=\"twitter:label1\" content=\"Tiempo de lectura\" \/>\n\t<meta name=\"twitter:data1\" content=\"3 minutos\" \/>\n<script type=\"application\/ld+json\" class=\"yoast-schema-graph\">{\"@context\":\"https:\\\/\\\/schema.org\",\"@graph\":[{\"@type\":\"WebPage\",\"@id\":\"https:\\\/\\\/maameinc.org\\\/\",\"url\":\"https:\\\/\\\/maameinc.org\\\/\",\"name\":\"MAAME | Community-Rooted Maternal Health & Birth Equity in NC\",\"isPartOf\":{\"@id\":\"https:\\\/\\\/maame.wpenginepowered.com\\\/#website\"},\"primaryImageOfPage\":{\"@id\":\"https:\\\/\\\/maameinc.org\\\/#primaryimage\"},\"image\":{\"@id\":\"https:\\\/\\\/maameinc.org\\\/#primaryimage\"},\"thumbnailUrl\":\"https:\\\/\\\/maameinc.org\\\/wp-content\\\/uploads\\\/2025\\\/07\\\/Group-90-1-e1751775467264.png\",\"datePublished\":\"2024-02-28T19:47:22+00:00\",\"dateModified\":\"2025-09-23T21:47:19+00:00\",\"description\":\"MAAME delivers culturally rooted, community-led care across North Carolina\u2014supporting families with dignity, equity, and compassion\",\"breadcrumb\":{\"@id\":\"https:\\\/\\\/maameinc.org\\\/#breadcrumb\"},\"inLanguage\":\"es\",\"potentialAction\":[{\"@type\":\"ReadAction\",\"target\":[\"https:\\\/\\\/maameinc.org\\\/\"]}]},{\"@type\":\"ImageObject\",\"inLanguage\":\"es\",\"@id\":\"https:\\\/\\\/maameinc.org\\\/#primaryimage\",\"url\":\"https:\\\/\\\/maameinc.org\\\/wp-content\\\/uploads\\\/2025\\\/07\\\/Group-90-1-e1751775467264.png\",\"contentUrl\":\"https:\\\/\\\/maameinc.org\\\/wp-content\\\/uploads\\\/2025\\\/07\\\/Group-90-1-e1751775467264.png\"},{\"@type\":\"BreadcrumbList\",\"@id\":\"https:\\\/\\\/maameinc.org\\\/#breadcrumb\",\"itemListElement\":[{\"@type\":\"ListItem\",\"position\":1,\"name\":\"Home\",\"item\":\"https:\\\/\\\/maameinc.org\\\/\"},{\"@type\":\"ListItem\",\"position\":2,\"name\":\"Home Page\"}]},{\"@type\":\"WebSite\",\"@id\":\"https:\\\/\\\/maame.wpenginepowered.com\\\/#website\",\"url\":\"https:\\\/\\\/maame.wpenginepowered.com\\\/\",\"name\":\"Maame\",\"description\":\"Reshaping maternal health\",\"potentialAction\":[{\"@type\":\"SearchAction\",\"target\":{\"@type\":\"EntryPoint\",\"urlTemplate\":\"https:\\\/\\\/maame.wpenginepowered.com\\\/?s={search_term_string}\"},\"query-input\":{\"@type\":\"PropertyValueSpecification\",\"valueRequired\":true,\"valueName\":\"search_term_string\"}}],\"inLanguage\":\"es\"}]}<\/script>\n<!-- \/ Yoast SEO plugin. -->","yoast_head_json":{"title":"MAAME | Salud materna y equidad en el parto con ra\u00edces en la comunidad en Carolina del Norte","description":"MAAME brinda atenci\u00f3n con ra\u00edces culturales y dirigida por la comunidad en todo Carolina del Norte, apoyando a las familias con dignidad, equidad y compasi\u00f3n.","robots":{"index":"index","follow":"follow","max-snippet":"max-snippet:-1","max-image-preview":"max-image-preview:large","max-video-preview":"max-video-preview:-1"},"canonical":"https:\/\/maameinc.org\/es\/","og_locale":"es_MX","og_type":"article","og_title":"MAAME | Community-Rooted Maternal Health & Birth Equity in NC","og_description":"MAAME delivers culturally rooted, community-led care across North Carolina\u2014supporting families with dignity, equity, and compassion","og_url":"https:\/\/maameinc.org\/es\/","og_site_name":"Maame","article_modified_time":"2025-09-23T21:47:19+00:00","og_image":[{"url":"https:\/\/maameinc.org\/wp-content\/uploads\/2025\/07\/Group-90-1-e1751775467264.png","type":"","width":"","height":""}],"twitter_card":"summary_large_image","twitter_misc":{"Tiempo de lectura":"3 minutos"},"schema":{"@context":"https:\/\/schema.org","@graph":[{"@type":"WebPage","@id":"https:\/\/maameinc.org\/","url":"https:\/\/maameinc.org\/","name":"MAAME | Salud materna y equidad en el parto con ra\u00edces en la comunidad en Carolina del Norte","isPartOf":{"@id":"https:\/\/maame.wpenginepowered.com\/#website"},"primaryImageOfPage":{"@id":"https:\/\/maameinc.org\/#primaryimage"},"image":{"@id":"https:\/\/maameinc.org\/#primaryimage"},"thumbnailUrl":"https:\/\/maameinc.org\/wp-content\/uploads\/2025\/07\/Group-90-1-e1751775467264.png","datePublished":"2024-02-28T19:47:22+00:00","dateModified":"2025-09-23T21:47:19+00:00","description":"MAAME brinda atenci\u00f3n con ra\u00edces culturales y dirigida por la comunidad en todo Carolina del Norte, apoyando a las familias con dignidad, equidad y compasi\u00f3n.","breadcrumb":{"@id":"https:\/\/maameinc.org\/#breadcrumb"},"inLanguage":"es","potentialAction":[{"@type":"ReadAction","target":["https:\/\/maameinc.org\/"]}]},{"@type":"ImageObject","inLanguage":"es","@id":"https:\/\/maameinc.org\/#primaryimage","url":"https:\/\/maameinc.org\/wp-content\/uploads\/2025\/07\/Group-90-1-e1751775467264.png","contentUrl":"https:\/\/maameinc.org\/wp-content\/uploads\/2025\/07\/Group-90-1-e1751775467264.png"},{"@type":"BreadcrumbList","@id":"https:\/\/maameinc.org\/#breadcrumb","itemListElement":[{"@type":"ListItem","position":1,"name":"Home","item":"https:\/\/maameinc.org\/"},{"@type":"ListItem","position":2,"name":"Home Page"}]},{"@type":"WebSite","@id":"https:\/\/maame.wpenginepowered.com\/#website","url":"https:\/\/maame.wpenginepowered.com\/","name":"Maame","description":"Reformar la salud materna","potentialAction":[{"@type":"SearchAction","target":{"@type":"EntryPoint","urlTemplate":"https:\/\/maame.wpenginepowered.com\/?s={search_term_string}"},"query-input":{"@type":"PropertyValueSpecification","valueRequired":true,"valueName":"search_term_string"}}],"inLanguage":"es"}]}},"_links":{"self":[{"href":"https:\/\/maameinc.org\/es\/wp-json\/wp\/v2\/pages\/4958","targetHints":{"allow":["GET"]}}],"collection":[{"href":"https:\/\/maameinc.org\/es\/wp-json\/wp\/v2\/pages"}],"about":[{"href":"https:\/\/maameinc.org\/es\/wp-json\/wp\/v2\/types\/page"}],"author":[{"embeddable":true,"href":"https:\/\/maameinc.org\/es\/wp-json\/wp\/v2\/users\/1"}],"replies":[{"embeddable":true,"href":"https:\/\/maameinc.org\/es\/wp-json\/wp\/v2\/comments?post=4958"}],"version-history":[{"count":0,"href":"https:\/\/maameinc.org\/es\/wp-json\/wp\/v2\/pages\/4958\/revisions"}],"wp:attachment":[{"href":"https:\/\/maameinc.org\/es\/wp-json\/wp\/v2\/media?parent=4958"}],"curies":[{"name":"wp","href":"https:\/\/api.w.org\/{rel}","templated":true}]}}