{"id":5065,"date":"2025-07-09T05:10:15","date_gmt":"2025-07-09T05:10:15","guid":{"rendered":"https:\/\/maameinc.org\/?page_id=5065"},"modified":"2026-05-02T12:28:44","modified_gmt":"2026-05-02T12:28:44","slug":"our-mission","status":"publish","type":"page","link":"https:\/\/maameinc.org\/es\/our-mission\/","title":{"rendered":"Nuestra misi\u00f3n"},"content":{"rendered":"<h1>\n\t\t\tNuestra misi\u00f3n\t<\/h1>\n\t<p>MAAME is a community-based maternal health organization closing the gap between the care North Carolina families receive and the care they deserve.<\/p>\n\t<p>MAAME comenz\u00f3 en 2018 para asegurarse de que todas las familias puedan recibir una atenci\u00f3n sanitaria materna digna y de calidad, independientemente de su origen o de d\u00f3nde vivan.<\/p>\n<p>After going through her own pregnancy, Maya Jackson started MAAME to help families like hers-and struggling families who face unfair challenges in getting access to quality care and support. What started as a grassroots effort to train and equip community doulas quickly evolved into something much larger: a trusted community supporting families and working with various health systems to improve care.<\/p>\n<p>&nbsp;<\/p>\n\t<p>En la actualidad, MAAME opera en ocho condados y ofrece servicios que van desde las doulas comunitarias y la atenci\u00f3n posparto hasta el apoyo a la salud mental, el acceso a la nutrici\u00f3n, la formaci\u00f3n de mano de obra y la defensa de la investigaci\u00f3n.<\/p>\n<p>We believe in honoring communal ways to care for families, with evidence-based approached-led by the community, based in culture, and rooted in trust. We&#8217;ve earned that trust by showing up with consistency, compassion, and expertise alongside our families and community partners.<\/p>\n<p>MAAME es m\u00e1s que un proveedor de servicios: somos un movimiento. Estamos recuperando el esp\u00edritu comunitario. Estamos forjando un futuro en el que todas las familias puedan dar a luz, criar a sus hijos y prosperar con dignidad. Crecemos cada d\u00eda, y te invitamos a unirte a nosotros para crear sistemas de atenci\u00f3n que eleven, respeten y sirvan verdaderamente a nuestras comunidades.<\/p>\n<h2>\n\t\t\tValores fundamentales\t<\/h2>\n<h3>\n\t\t\tPracticamos la integridad y la responsabilidad\t<\/h3>\n\t<p>La transparencia, la exigencia y el seguimiento gu\u00edan nuestro trabajo, garantizando que nuestras acciones coincidan con nuestros valores.<\/p>\n<h3>\n\t\t\tColaboramos para <br \/>mayor impacto\t<\/h3>\n\t<p>Las asociaciones basadas en el aprendizaje compartido y la confianza nos permiten construir soluciones comunitarias m\u00e1s s\u00f3lidas y sostenibles.<\/p>\n<h3>\n\t\t\tCentramos la comunidad<br \/>con dignidad\t<\/h3>\n\t<p>Las experiencias vividas determinan cada decisi\u00f3n, garantizando que la atenci\u00f3n sea afirmativa, respetuosa y responda a las necesidades reales.<\/p>\n<h3>\n\t\t\tReclamamos y honramos <br \/>cultura\t<\/h3>\n\t<p>Los conocimientos ancestrales, las tradiciones familiares y la sabidur\u00eda comunitaria son esenciales para que las familias den y reciban cuidados.<\/p>\n<h3>\n\t\t\tInnovamos con un objetivo claro\t<\/h3>\n\t<p>Las nuevas ideas se basan en realidades vividas, colmando lagunas cr\u00edticas con soluciones que sirven, no s\u00f3lo impresionan.<\/p>\n<h3>\n\t\t\tAdministramos los recursos <br \/>de forma sostenible\t<\/h3>\n\t<p>Se comparten y preservan recursos, relaciones y conocimientos para apoyar a las familias ahora y en las generaciones venideras.<\/p>\n<h2>\n\t\t\tConozca a nuestro personal y junta directiva\t<\/h2>\n\t<p>Nuestro equipo dirige con esmero, sabidur\u00eda cultural y un profundo compromiso con la salud materna y la equidad, mostr\u00e1ndose con el tipo de confianza que s\u00f3lo surge de estar arraigado en la comunidad.<\/p>\n\t\t\t<a href=\"\/es\/our-team\/\"  target=\"_self\">\n\t\t\t\t\t\t\tConoce al equipo\n\t\t\t\t\t<\/a>","protected":false},"excerpt":{"rendered":"<p>Our Mission MAAME is a community-based maternal health organization closing the gap between the care North Carolina families receive and the care they deserve. MAAME began in 2018 to make sure every family can get quality, dignified maternal health care, no matter their background or where they live. After going through her own pregnancy, Maya&hellip;<\/p>","protected":false},"author":3,"featured_media":5242,"parent":0,"menu_order":0,"comment_status":"closed","ping_status":"closed","template":"","meta":{"_monsterinsights_skip_tracking":false,"_monsterinsights_sitenote_active":false,"_monsterinsights_sitenote_note":"","_monsterinsights_sitenote_category":0,"footnotes":""},"class_list":["post-5065","page","type-page","status-publish","has-post-thumbnail","hentry"],"yoast_head":"<!-- This site is optimized with the Yoast SEO plugin v27.5 - https:\/\/yoast.com\/product\/yoast-seo-wordpress\/ -->\n<title>Our Mission | MAAME Community-Rooted Maternal Health<\/title>\n<meta name=\"description\" content=\"MAAME builds community-rooted maternal care by training birth workers, expanding access, and centering Black and Brown families.\" \/>\n<meta name=\"robots\" content=\"index, follow, max-snippet:-1, max-image-preview:large, max-video-preview:-1\" \/>\n<link rel=\"canonical\" href=\"https:\/\/maameinc.org\/es\/our-mission\/\" \/>\n<meta property=\"og:locale\" content=\"es_MX\" \/>\n<meta property=\"og:type\" content=\"article\" \/>\n<meta property=\"og:title\" content=\"Our Mission | MAAME Community-Rooted Maternal Health\" \/>\n<meta property=\"og:description\" content=\"MAAME builds community-rooted maternal care by training birth workers, expanding access, and centering Black and Brown families.\" \/>\n<meta property=\"og:url\" content=\"https:\/\/maameinc.org\/es\/our-mission\/\" \/>\n<meta property=\"og:site_name\" content=\"Maame\" \/>\n<meta property=\"article:modified_time\" content=\"2026-05-02T12:28:44+00:00\" \/>\n<meta property=\"og:image\" content=\"https:\/\/maameinc.org\/wp-content\/uploads\/2025\/09\/cropped-Maame_Favicon-1.png\" \/>\n\t<meta property=\"og:image:width\" content=\"512\" \/>\n\t<meta property=\"og:image:height\" content=\"512\" \/>\n\t<meta property=\"og:image:type\" content=\"image\/png\" \/>\n<meta name=\"twitter:card\" content=\"summary_large_image\" \/>\n<meta name=\"twitter:label1\" content=\"Tiempo de lectura\" \/>\n\t<meta name=\"twitter:data1\" content=\"2 minutos\" \/>\n<script type=\"application\/ld+json\" class=\"yoast-schema-graph\">{\"@context\":\"https:\\\/\\\/schema.org\",\"@graph\":[{\"@type\":\"WebPage\",\"@id\":\"https:\\\/\\\/maameinc.org\\\/our-mission\\\/\",\"url\":\"https:\\\/\\\/maameinc.org\\\/our-mission\\\/\",\"name\":\"Our Mission | MAAME Community-Rooted Maternal Health\",\"isPartOf\":{\"@id\":\"https:\\\/\\\/maame.wpenginepowered.com\\\/#website\"},\"primaryImageOfPage\":{\"@id\":\"https:\\\/\\\/maameinc.org\\\/our-mission\\\/#primaryimage\"},\"image\":{\"@id\":\"https:\\\/\\\/maameinc.org\\\/our-mission\\\/#primaryimage\"},\"thumbnailUrl\":\"https:\\\/\\\/maameinc.org\\\/wp-content\\\/uploads\\\/2025\\\/09\\\/cropped-Maame_Favicon-1.png\",\"datePublished\":\"2025-07-09T05:10:15+00:00\",\"dateModified\":\"2026-05-02T12:28:44+00:00\",\"description\":\"MAAME builds community-rooted maternal care by training birth workers, expanding access, and centering Black and Brown families.\",\"breadcrumb\":{\"@id\":\"https:\\\/\\\/maameinc.org\\\/our-mission\\\/#breadcrumb\"},\"inLanguage\":\"es\",\"potentialAction\":[{\"@type\":\"ReadAction\",\"target\":[\"https:\\\/\\\/maameinc.org\\\/our-mission\\\/\"]}]},{\"@type\":\"ImageObject\",\"inLanguage\":\"es\",\"@id\":\"https:\\\/\\\/maameinc.org\\\/our-mission\\\/#primaryimage\",\"url\":\"https:\\\/\\\/maameinc.org\\\/wp-content\\\/uploads\\\/2025\\\/09\\\/cropped-Maame_Favicon-1.png\",\"contentUrl\":\"https:\\\/\\\/maameinc.org\\\/wp-content\\\/uploads\\\/2025\\\/09\\\/cropped-Maame_Favicon-1.png\",\"width\":512,\"height\":512},{\"@type\":\"BreadcrumbList\",\"@id\":\"https:\\\/\\\/maameinc.org\\\/our-mission\\\/#breadcrumb\",\"itemListElement\":[{\"@type\":\"ListItem\",\"position\":1,\"name\":\"Home\",\"item\":\"https:\\\/\\\/maameinc.org\\\/\"},{\"@type\":\"ListItem\",\"position\":2,\"name\":\"Our Mission\"}]},{\"@type\":\"WebSite\",\"@id\":\"https:\\\/\\\/maame.wpenginepowered.com\\\/#website\",\"url\":\"https:\\\/\\\/maame.wpenginepowered.com\\\/\",\"name\":\"Maame\",\"description\":\"Reshaping maternal health\",\"potentialAction\":[{\"@type\":\"SearchAction\",\"target\":{\"@type\":\"EntryPoint\",\"urlTemplate\":\"https:\\\/\\\/maame.wpenginepowered.com\\\/?s={search_term_string}\"},\"query-input\":{\"@type\":\"PropertyValueSpecification\",\"valueRequired\":true,\"valueName\":\"search_term_string\"}}],\"inLanguage\":\"es\"}]}<\/script>\n<!-- \/ Yoast SEO plugin. -->","yoast_head_json":{"title":"Nuestra misi\u00f3n | MAAME Salud materna arraigada en la comunidad","description":"MAAME construye una atenci\u00f3n materna arraigada en la comunidad mediante la capacitaci\u00f3n de personal de parto, la ampliaci\u00f3n del acceso y la atenci\u00f3n centrada en las familias negras y morenas.","robots":{"index":"index","follow":"follow","max-snippet":"max-snippet:-1","max-image-preview":"max-image-preview:large","max-video-preview":"max-video-preview:-1"},"canonical":"https:\/\/maameinc.org\/es\/our-mission\/","og_locale":"es_MX","og_type":"article","og_title":"Our Mission | MAAME Community-Rooted Maternal Health","og_description":"MAAME builds community-rooted maternal care by training birth workers, expanding access, and centering Black and Brown families.","og_url":"https:\/\/maameinc.org\/es\/our-mission\/","og_site_name":"Maame","article_modified_time":"2026-05-02T12:28:44+00:00","og_image":[{"width":512,"height":512,"url":"https:\/\/maameinc.org\/wp-content\/uploads\/2025\/09\/cropped-Maame_Favicon-1.png","type":"image\/png"}],"twitter_card":"summary_large_image","twitter_misc":{"Tiempo de lectura":"2 minutos"},"schema":{"@context":"https:\/\/schema.org","@graph":[{"@type":"WebPage","@id":"https:\/\/maameinc.org\/our-mission\/","url":"https:\/\/maameinc.org\/our-mission\/","name":"Nuestra misi\u00f3n | MAAME Salud materna arraigada en la comunidad","isPartOf":{"@id":"https:\/\/maame.wpenginepowered.com\/#website"},"primaryImageOfPage":{"@id":"https:\/\/maameinc.org\/our-mission\/#primaryimage"},"image":{"@id":"https:\/\/maameinc.org\/our-mission\/#primaryimage"},"thumbnailUrl":"https:\/\/maameinc.org\/wp-content\/uploads\/2025\/09\/cropped-Maame_Favicon-1.png","datePublished":"2025-07-09T05:10:15+00:00","dateModified":"2026-05-02T12:28:44+00:00","description":"MAAME construye una atenci\u00f3n materna arraigada en la comunidad mediante la capacitaci\u00f3n de personal de parto, la ampliaci\u00f3n del acceso y la atenci\u00f3n centrada en las familias negras y morenas.","breadcrumb":{"@id":"https:\/\/maameinc.org\/our-mission\/#breadcrumb"},"inLanguage":"es","potentialAction":[{"@type":"ReadAction","target":["https:\/\/maameinc.org\/our-mission\/"]}]},{"@type":"ImageObject","inLanguage":"es","@id":"https:\/\/maameinc.org\/our-mission\/#primaryimage","url":"https:\/\/maameinc.org\/wp-content\/uploads\/2025\/09\/cropped-Maame_Favicon-1.png","contentUrl":"https:\/\/maameinc.org\/wp-content\/uploads\/2025\/09\/cropped-Maame_Favicon-1.png","width":512,"height":512},{"@type":"BreadcrumbList","@id":"https:\/\/maameinc.org\/our-mission\/#breadcrumb","itemListElement":[{"@type":"ListItem","position":1,"name":"Home","item":"https:\/\/maameinc.org\/"},{"@type":"ListItem","position":2,"name":"Our Mission"}]},{"@type":"WebSite","@id":"https:\/\/maame.wpenginepowered.com\/#website","url":"https:\/\/maame.wpenginepowered.com\/","name":"Maame","description":"Reformar la salud materna","potentialAction":[{"@type":"SearchAction","target":{"@type":"EntryPoint","urlTemplate":"https:\/\/maame.wpenginepowered.com\/?s={search_term_string}"},"query-input":{"@type":"PropertyValueSpecification","valueRequired":true,"valueName":"search_term_string"}}],"inLanguage":"es"}]}},"_links":{"self":[{"href":"https:\/\/maameinc.org\/es\/wp-json\/wp\/v2\/pages\/5065","targetHints":{"allow":["GET"]}}],"collection":[{"href":"https:\/\/maameinc.org\/es\/wp-json\/wp\/v2\/pages"}],"about":[{"href":"https:\/\/maameinc.org\/es\/wp-json\/wp\/v2\/types\/page"}],"author":[{"embeddable":true,"href":"https:\/\/maameinc.org\/es\/wp-json\/wp\/v2\/users\/3"}],"replies":[{"embeddable":true,"href":"https:\/\/maameinc.org\/es\/wp-json\/wp\/v2\/comments?post=5065"}],"version-history":[{"count":0,"href":"https:\/\/maameinc.org\/es\/wp-json\/wp\/v2\/pages\/5065\/revisions"}],"wp:featuredmedia":[{"embeddable":true,"href":"https:\/\/maameinc.org\/es\/wp-json\/wp\/v2\/media\/5242"}],"wp:attachment":[{"href":"https:\/\/maameinc.org\/es\/wp-json\/wp\/v2\/media?parent=5065"}],"curies":[{"name":"wp","href":"https:\/\/api.w.org\/{rel}","templated":true}]}}