{"id":5099,"date":"2025-07-21T10:27:19","date_gmt":"2025-07-21T10:27:19","guid":{"rendered":"https:\/\/maameinc.org\/?page_id=5099"},"modified":"2025-09-19T20:28:46","modified_gmt":"2025-09-19T20:28:46","slug":"maternal-health","status":"publish","type":"page","link":"https:\/\/maameinc.org\/es\/maternal-health\/","title":{"rendered":"Salud materna"},"content":{"rendered":"<h1>Salud materna<\/h1>\r\n<p>La atenci\u00f3n de doula basada en la comunidad se presta a trav\u00e9s de m\u00faltiples puntos de acceso basados en la confianza, la flexibilidad y la conexi\u00f3n cultural.<\/p>\r\n<h2>Servicios de Doula<\/h2>\r\n<h3>Servicios integrales de salud perinatal<\/h3>\r\n<p>Desde la preparaci\u00f3n para el embarazo hasta el parto y la paternidad temprana, nuestro equipo ofrece una atenci\u00f3n compasiva y culturalmente arraigada. Te acompa\u00f1amos en cada paso, ayud\u00e1ndote a sentirte segura, apoyada y capacitada.<\/p>\r\n<h3>Apoyo de doula durante el parto y el posparto<\/h3>\r\n<p>Nuestras doulas est\u00e1n a su lado durante el parto, el nacimiento y el posparto. Con orientaci\u00f3n, aliento y un fuerte sentido de comunidad, le ayudamos a aceptar las alegr\u00edas y los retos de la paternidad con dignidad y fortaleza.<\/p>\r\n<h3>Apoyo virtual de una doula<\/h3>\r\n<p>El apoyo debe estar al alcance de la mano, sin importar d\u00f3nde se encuentre. Nuestras doulas virtuales se conectan con usted a trav\u00e9s de la educaci\u00f3n prenatal, la orientaci\u00f3n durante el parto y la atenci\u00f3n posparto, llevando conocimientos, tranquilidad y cuidados directamente a su hogar.<\/p>\r\n<p><img decoding=\"async\" title=\"Grupo\" data-src=\"https:\/\/maameinc.org\/wp-content\/uploads\/2025\/09\/Group.svg\" alt=\"Group\" src=\"data:image\/svg+xml;base64,PHN2ZyB3aWR0aD0iMSIgaGVpZ2h0PSIxIiB4bWxucz0iaHR0cDovL3d3dy53My5vcmcvMjAwMC9zdmciPjwvc3ZnPg==\" class=\"lazyload\" \/><\/p>\r\n<h2>\u00danase a nuestro directorio de doulas<\/h2>\r\n<p>Agregue su nombre a nuestro Directorio de Doulas y con\u00e9ctese con padres, proveedores y socios comunitarios que buscan apoyo confiable. Juntos, estamos construyendo una red que ayuda a las familias de todo Carolina del Norte.<\/p>\r\n<p><a href=\"https:\/\/docs.google.com\/forms\/d\/e\/1FAIpQLSd8JAkAyZEjZiQaq8GeocOojLfiOm6jiWQjrkIQEv04YKBHSw\/viewform\" target=\"_blank\" rel=\"noopener\"> Inscr\u00edbase hoy <\/a> <img decoding=\"async\" title=\"imagen (9)\" data-src=\"https:\/\/maameinc.org\/wp-content\/uploads\/2025\/07\/image-9.png\" alt=\"image (9)\" width=\"566\" height=\"364\" src=\"data:image\/svg+xml;base64,PHN2ZyB3aWR0aD0iMSIgaGVpZ2h0PSIxIiB4bWxucz0iaHR0cDovL3d3dy53My5vcmcvMjAwMC9zdmciPjwvc3ZnPg==\" class=\"lazyload\" style=\"--smush-placeholder-width: 566px; --smush-placeholder-aspect-ratio: 566\/364;\" \/><\/p>\r\n<h2>\u00bfEs usted miembro de Healthy Blue?<\/h2>\r\n<p>Para solicitar servicios de doula en Carolina del Norte, llame al <strong>Servicios al socio de Healthy Blue en <a href=\"tel:8445945070\" target=\"_blank\" rel=\"noopener\">(844) 594-5070<\/a><\/strong> y pida hablar con Care Manager. Aseg\u00farese de solicitar MAAME, Inc. como su agencia de atenci\u00f3n de doula preferida.<\/p>\r\n<p><a href=\"tel:8445945070\" target=\"_blank\" rel=\"noopener\"> Llame ahora <\/a><\/p>","protected":false},"excerpt":{"rendered":"<p>Salud materna La atenci\u00f3n comunitaria de las doulas se presta a trav\u00e9s de m\u00faltiples puntos de acceso basados en la confianza, la flexibilidad y la conexi\u00f3n cultural. Servicios de doulas Servicios integrales de salud perinatal Desde la preparaci\u00f3n para el embarazo hasta el parto y la crianza temprana, nuestro equipo brinda una atenci\u00f3n compasiva y arraigada en la cultura. Le acompa\u00f1amos en cada paso, ayud\u00e1ndole a sentirse segura, apoyada y empoderada. El parto...<\/p>","protected":false},"author":3,"featured_media":8508,"parent":0,"menu_order":0,"comment_status":"closed","ping_status":"closed","template":"","meta":{"_monsterinsights_skip_tracking":false,"_monsterinsights_sitenote_active":false,"_monsterinsights_sitenote_note":"","_monsterinsights_sitenote_category":0,"footnotes":""},"class_list":["post-5099","page","type-page","status-publish","has-post-thumbnail","hentry"],"yoast_head":"<!-- This site is optimized with the Yoast SEO plugin v27.4 - https:\/\/yoast.com\/product\/yoast-seo-wordpress\/ -->\n<title>Maternal Health | MAAME Community-Based Doula Care<\/title>\n<meta name=\"description\" content=\"MAAME\u2019s Maternal Health program offers culturally rooted doula care\u2014ensuring every family welcomes new life with dignity, equity, and support.\" \/>\n<meta name=\"robots\" content=\"index, follow, max-snippet:-1, max-image-preview:large, max-video-preview:-1\" \/>\n<link rel=\"canonical\" href=\"https:\/\/maame.mystagingwebsite.com\/maternal-health\/\" \/>\n<meta property=\"og:locale\" content=\"es_MX\" \/>\n<meta property=\"og:type\" content=\"article\" \/>\n<meta property=\"og:title\" content=\"Maternal Health | MAAME Community-Based Doula Care\" \/>\n<meta property=\"og:description\" content=\"MAAME\u2019s Maternal Health program offers culturally rooted doula care\u2014ensuring every family welcomes new life with dignity, equity, and support.\" \/>\n<meta property=\"og:url\" content=\"https:\/\/maame.mystagingwebsite.com\/maternal-health\/\" \/>\n<meta property=\"og:site_name\" content=\"Maame\" \/>\n<meta property=\"article:modified_time\" content=\"2025-09-19T20:28:46+00:00\" \/>\n<meta property=\"og:image\" content=\"https:\/\/maame.mystagingwebsite.com\/wp-content\/uploads\/2025\/09\/image-9.png\" \/>\n\t<meta property=\"og:image:width\" content=\"566\" \/>\n\t<meta property=\"og:image:height\" content=\"364\" \/>\n\t<meta property=\"og:image:type\" content=\"image\/png\" \/>\n<meta name=\"twitter:card\" content=\"summary_large_image\" \/>\n<meta name=\"twitter:label1\" content=\"Tiempo de lectura\" \/>\n\t<meta name=\"twitter:data1\" content=\"3 minutos\" \/>\n<script type=\"application\/ld+json\" class=\"yoast-schema-graph\">{\"@context\":\"https:\\\/\\\/schema.org\",\"@graph\":[{\"@type\":\"WebPage\",\"@id\":\"https:\\\/\\\/maame.mystagingwebsite.com\\\/maternal-health\\\/\",\"url\":\"https:\\\/\\\/maame.mystagingwebsite.com\\\/maternal-health\\\/\",\"name\":\"Maternal Health | MAAME Community-Based Doula Care\",\"isPartOf\":{\"@id\":\"https:\\\/\\\/maame.wpenginepowered.com\\\/#website\"},\"primaryImageOfPage\":{\"@id\":\"https:\\\/\\\/maame.mystagingwebsite.com\\\/maternal-health\\\/#primaryimage\"},\"image\":{\"@id\":\"https:\\\/\\\/maame.mystagingwebsite.com\\\/maternal-health\\\/#primaryimage\"},\"thumbnailUrl\":\"https:\\\/\\\/maameinc.org\\\/wp-content\\\/uploads\\\/2025\\\/09\\\/image-9.png\",\"datePublished\":\"2025-07-21T10:27:19+00:00\",\"dateModified\":\"2025-09-19T20:28:46+00:00\",\"description\":\"MAAME\u2019s Maternal Health program offers culturally rooted doula care\u2014ensuring every family welcomes new life with dignity, equity, and support.\",\"breadcrumb\":{\"@id\":\"https:\\\/\\\/maame.mystagingwebsite.com\\\/maternal-health\\\/#breadcrumb\"},\"inLanguage\":\"es\",\"potentialAction\":[{\"@type\":\"ReadAction\",\"target\":[\"https:\\\/\\\/maame.mystagingwebsite.com\\\/maternal-health\\\/\"]}]},{\"@type\":\"ImageObject\",\"inLanguage\":\"es\",\"@id\":\"https:\\\/\\\/maame.mystagingwebsite.com\\\/maternal-health\\\/#primaryimage\",\"url\":\"https:\\\/\\\/maameinc.org\\\/wp-content\\\/uploads\\\/2025\\\/09\\\/image-9.png\",\"contentUrl\":\"https:\\\/\\\/maameinc.org\\\/wp-content\\\/uploads\\\/2025\\\/09\\\/image-9.png\",\"width\":566,\"height\":364},{\"@type\":\"BreadcrumbList\",\"@id\":\"https:\\\/\\\/maame.mystagingwebsite.com\\\/maternal-health\\\/#breadcrumb\",\"itemListElement\":[{\"@type\":\"ListItem\",\"position\":1,\"name\":\"Home\",\"item\":\"https:\\\/\\\/maameinc.org\\\/\"},{\"@type\":\"ListItem\",\"position\":2,\"name\":\"Maternal Health\"}]},{\"@type\":\"WebSite\",\"@id\":\"https:\\\/\\\/maame.wpenginepowered.com\\\/#website\",\"url\":\"https:\\\/\\\/maame.wpenginepowered.com\\\/\",\"name\":\"Maame\",\"description\":\"Reshaping maternal health\",\"potentialAction\":[{\"@type\":\"SearchAction\",\"target\":{\"@type\":\"EntryPoint\",\"urlTemplate\":\"https:\\\/\\\/maame.wpenginepowered.com\\\/?s={search_term_string}\"},\"query-input\":{\"@type\":\"PropertyValueSpecification\",\"valueRequired\":true,\"valueName\":\"search_term_string\"}}],\"inLanguage\":\"es\"}]}<\/script>\n<!-- \/ Yoast SEO plugin. -->","yoast_head_json":{"title":"Salud materna | Atenci\u00f3n comunitaria de doulas MAAME","description":"El programa de salud materna de MAAME ofrece atenci\u00f3n de doulas con ra\u00edces culturales, lo que garantiza que todas las familias den la bienvenida a una nueva vida con dignidad, equidad y apoyo.","robots":{"index":"index","follow":"follow","max-snippet":"max-snippet:-1","max-image-preview":"max-image-preview:large","max-video-preview":"max-video-preview:-1"},"canonical":"https:\/\/maame.mystagingwebsite.com\/maternal-health\/","og_locale":"es_MX","og_type":"article","og_title":"Maternal Health | MAAME Community-Based Doula Care","og_description":"MAAME\u2019s Maternal Health program offers culturally rooted doula care\u2014ensuring every family welcomes new life with dignity, equity, and support.","og_url":"https:\/\/maame.mystagingwebsite.com\/maternal-health\/","og_site_name":"Maame","article_modified_time":"2025-09-19T20:28:46+00:00","og_image":[{"width":566,"height":364,"url":"https:\/\/maame.mystagingwebsite.com\/wp-content\/uploads\/2025\/09\/image-9.png","type":"image\/png"}],"twitter_card":"summary_large_image","twitter_misc":{"Tiempo de lectura":"3 minutos"},"schema":{"@context":"https:\/\/schema.org","@graph":[{"@type":"WebPage","@id":"https:\/\/maame.mystagingwebsite.com\/maternal-health\/","url":"https:\/\/maame.mystagingwebsite.com\/maternal-health\/","name":"Salud materna | Atenci\u00f3n comunitaria de doulas MAAME","isPartOf":{"@id":"https:\/\/maame.wpenginepowered.com\/#website"},"primaryImageOfPage":{"@id":"https:\/\/maame.mystagingwebsite.com\/maternal-health\/#primaryimage"},"image":{"@id":"https:\/\/maame.mystagingwebsite.com\/maternal-health\/#primaryimage"},"thumbnailUrl":"https:\/\/maameinc.org\/wp-content\/uploads\/2025\/09\/image-9.png","datePublished":"2025-07-21T10:27:19+00:00","dateModified":"2025-09-19T20:28:46+00:00","description":"El programa de salud materna de MAAME ofrece atenci\u00f3n de doulas con ra\u00edces culturales, lo que garantiza que todas las familias den la bienvenida a una nueva vida con dignidad, equidad y apoyo.","breadcrumb":{"@id":"https:\/\/maame.mystagingwebsite.com\/maternal-health\/#breadcrumb"},"inLanguage":"es","potentialAction":[{"@type":"ReadAction","target":["https:\/\/maame.mystagingwebsite.com\/maternal-health\/"]}]},{"@type":"ImageObject","inLanguage":"es","@id":"https:\/\/maame.mystagingwebsite.com\/maternal-health\/#primaryimage","url":"https:\/\/maameinc.org\/wp-content\/uploads\/2025\/09\/image-9.png","contentUrl":"https:\/\/maameinc.org\/wp-content\/uploads\/2025\/09\/image-9.png","width":566,"height":364},{"@type":"BreadcrumbList","@id":"https:\/\/maame.mystagingwebsite.com\/maternal-health\/#breadcrumb","itemListElement":[{"@type":"ListItem","position":1,"name":"Home","item":"https:\/\/maameinc.org\/"},{"@type":"ListItem","position":2,"name":"Maternal Health"}]},{"@type":"WebSite","@id":"https:\/\/maame.wpenginepowered.com\/#website","url":"https:\/\/maame.wpenginepowered.com\/","name":"Maame","description":"Reformar la salud materna","potentialAction":[{"@type":"SearchAction","target":{"@type":"EntryPoint","urlTemplate":"https:\/\/maame.wpenginepowered.com\/?s={search_term_string}"},"query-input":{"@type":"PropertyValueSpecification","valueRequired":true,"valueName":"search_term_string"}}],"inLanguage":"es"}]}},"_links":{"self":[{"href":"https:\/\/maameinc.org\/es\/wp-json\/wp\/v2\/pages\/5099","targetHints":{"allow":["GET"]}}],"collection":[{"href":"https:\/\/maameinc.org\/es\/wp-json\/wp\/v2\/pages"}],"about":[{"href":"https:\/\/maameinc.org\/es\/wp-json\/wp\/v2\/types\/page"}],"author":[{"embeddable":true,"href":"https:\/\/maameinc.org\/es\/wp-json\/wp\/v2\/users\/3"}],"replies":[{"embeddable":true,"href":"https:\/\/maameinc.org\/es\/wp-json\/wp\/v2\/comments?post=5099"}],"version-history":[{"count":0,"href":"https:\/\/maameinc.org\/es\/wp-json\/wp\/v2\/pages\/5099\/revisions"}],"wp:featuredmedia":[{"embeddable":true,"href":"https:\/\/maameinc.org\/es\/wp-json\/wp\/v2\/media\/8508"}],"wp:attachment":[{"href":"https:\/\/maameinc.org\/es\/wp-json\/wp\/v2\/media?parent=5099"}],"curies":[{"name":"wp","href":"https:\/\/api.w.org\/{rel}","templated":true}]}}