{"id":5108,"date":"2025-07-30T20:53:25","date_gmt":"2025-07-30T20:53:25","guid":{"rendered":"https:\/\/maameinc.org\/?page_id=5108"},"modified":"2025-11-07T21:45:43","modified_gmt":"2025-11-07T21:45:43","slug":"workforce-development","status":"publish","type":"page","link":"https:\/\/maameinc.org\/es\/workforce-development\/","title":{"rendered":"Desarrollo de la mano de obra"},"content":{"rendered":"<h1>\n\t\t\tDesarrollo de la mano de obra\t<\/h1>\n\t<p>Ofrecemos capacitaci\u00f3n y trayectorias profesionales para los trabajadores de la salud perinatal, promoviendo la equidad y creando empleos basados en la atenci\u00f3n.<\/p>\n<h3>\n\t\t\tFormar a la pr\u00f3xima generaci\u00f3n de parteras comunitarias.\u00a0\t<\/h3>\n\t<p>A trav\u00e9s de la experiencia pr\u00e1ctica y de una v\u00eda de empleo estructurada, las doulas en formaci\u00f3n adquieren competencias, tutor\u00eda y oportunidades profesionales.<\/p>\n<p>Damos empleo directo a muchos de sus graduados y ayudamos a otros a poner en marcha sus propias empresas. En colaboraci\u00f3n con aseguradoras y hospitales, colocamos a doulas formadas en entornos asistenciales, elevando el nivel de la atenci\u00f3n materna culturalmente congruente y creando al mismo tiempo medios de vida sostenibles.<\/p>\n\t<p>El programa es tanto una iniciativa de atenci\u00f3n como un motor econ\u00f3mico que fomenta la equidad a trav\u00e9s de las oportunidades.<\/p>\n<ul>\n<li>Formaci\u00f3n de doulas y personal sanitario perinatal<\/li>\n<li>Experiencia pr\u00e1ctica a trav\u00e9s de los programas dirigidos por MAAME<\/li>\n<li>Del voluntariado al empleo remunerado<\/li>\n<li>Tutor\u00eda empresarial y apoyo al esp\u00edritu emprendedor<\/li>\n<li>Asociaciones con el sistema sanitario para la inserci\u00f3n laboral<\/li>\n<li>Defensa de indemnizaciones justas y reembolso de seguros<\/li>\n<\/ul>\n<h2>\n\t\t\tApoyo que nutre la mente, el cuerpo y el esp\u00edritu\t<\/h2>\n\t<p>Descubra c\u00f3mo nuestros programas de Salud Mental y Bienestar ofrecen una atenci\u00f3n compasiva y culturalmente conectada que ayuda a las familias a prosperar en cada etapa de la crianza de los hijos.<\/p>\n\t\t\t<a href=\"\/es\/mental-health-wellness\/\" target=\"_self\">\n\t\t\t\t\t\t\tM\u00e1s informaci\u00f3n\n\t\t\t\t\t<\/a>","protected":false},"excerpt":{"rendered":"<p>Desarrollo de la fuerza laboral Ofrecemos capacitaci\u00f3n y trayectorias profesionales para los trabajadores de la salud perinatal, promoviendo la equidad y creando empleos basados en la atenci\u00f3n. Capacitamos a la pr\u00f3xima generaci\u00f3n de trabajadores de parto arraigados en la comunidad. A trav\u00e9s de la experiencia pr\u00e1ctica y una v\u00eda de empleo estructurada, las doulas en formaci\u00f3n adquieren habilidades, orientaci\u00f3n y oportunidades profesionales. Contratamos directamente a muchos de sus graduados, al tiempo que apoyamos a otros en el lanzamiento de...<\/p>","protected":false},"author":3,"featured_media":5242,"parent":0,"menu_order":0,"comment_status":"closed","ping_status":"closed","template":"","meta":{"_monsterinsights_skip_tracking":false,"_monsterinsights_sitenote_active":false,"_monsterinsights_sitenote_note":"","_monsterinsights_sitenote_category":0,"footnotes":""},"class_list":["post-5108","page","type-page","status-publish","has-post-thumbnail","hentry"],"yoast_head":"<!-- This site is optimized with the Yoast SEO plugin v27.4 - https:\/\/yoast.com\/product\/yoast-seo-wordpress\/ -->\n<title>Workforce Development | MAAME Training Birth Workers\u201d<\/title>\n<meta name=\"description\" content=\"MAAME trains and mentors community-based birth workers, creating jobs, advancing equity, and raising the standard of maternal health care.\" \/>\n<meta name=\"robots\" content=\"index, follow, max-snippet:-1, max-image-preview:large, max-video-preview:-1\" \/>\n<link rel=\"canonical\" href=\"https:\/\/maameinc.org\/es\/workforce-development\/\" \/>\n<meta property=\"og:locale\" content=\"es_MX\" \/>\n<meta property=\"og:type\" content=\"article\" \/>\n<meta property=\"og:title\" content=\"Workforce Development | MAAME Training Birth Workers\u201d\" \/>\n<meta property=\"og:description\" content=\"MAAME trains and mentors community-based birth workers, creating jobs, advancing equity, and raising the standard of maternal health care.\" \/>\n<meta property=\"og:url\" content=\"https:\/\/maameinc.org\/es\/workforce-development\/\" \/>\n<meta property=\"og:site_name\" content=\"Maame\" \/>\n<meta property=\"article:modified_time\" content=\"2025-11-07T21:45:43+00:00\" \/>\n<meta property=\"og:image\" content=\"https:\/\/maameinc.org\/wp-content\/uploads\/2025\/09\/cropped-Maame_Favicon-1.png\" \/>\n\t<meta property=\"og:image:width\" content=\"512\" \/>\n\t<meta property=\"og:image:height\" content=\"512\" \/>\n\t<meta property=\"og:image:type\" content=\"image\/png\" \/>\n<meta name=\"twitter:card\" content=\"summary_large_image\" \/>\n<meta name=\"twitter:label1\" content=\"Tiempo de lectura\" \/>\n\t<meta name=\"twitter:data1\" content=\"1 minuto\" \/>\n<script type=\"application\/ld+json\" class=\"yoast-schema-graph\">{\"@context\":\"https:\\\/\\\/schema.org\",\"@graph\":[{\"@type\":\"WebPage\",\"@id\":\"https:\\\/\\\/maameinc.org\\\/workforce-development\\\/\",\"url\":\"https:\\\/\\\/maameinc.org\\\/workforce-development\\\/\",\"name\":\"Workforce Development | MAAME Training Birth Workers\u201d\",\"isPartOf\":{\"@id\":\"https:\\\/\\\/maame.wpenginepowered.com\\\/#website\"},\"primaryImageOfPage\":{\"@id\":\"https:\\\/\\\/maameinc.org\\\/workforce-development\\\/#primaryimage\"},\"image\":{\"@id\":\"https:\\\/\\\/maameinc.org\\\/workforce-development\\\/#primaryimage\"},\"thumbnailUrl\":\"https:\\\/\\\/maameinc.org\\\/wp-content\\\/uploads\\\/2025\\\/09\\\/cropped-Maame_Favicon-1.png\",\"datePublished\":\"2025-07-30T20:53:25+00:00\",\"dateModified\":\"2025-11-07T21:45:43+00:00\",\"description\":\"MAAME trains and mentors community-based birth workers, creating jobs, advancing equity, and raising the standard of maternal health care.\",\"breadcrumb\":{\"@id\":\"https:\\\/\\\/maameinc.org\\\/workforce-development\\\/#breadcrumb\"},\"inLanguage\":\"es\",\"potentialAction\":[{\"@type\":\"ReadAction\",\"target\":[\"https:\\\/\\\/maameinc.org\\\/workforce-development\\\/\"]}]},{\"@type\":\"ImageObject\",\"inLanguage\":\"es\",\"@id\":\"https:\\\/\\\/maameinc.org\\\/workforce-development\\\/#primaryimage\",\"url\":\"https:\\\/\\\/maameinc.org\\\/wp-content\\\/uploads\\\/2025\\\/09\\\/cropped-Maame_Favicon-1.png\",\"contentUrl\":\"https:\\\/\\\/maameinc.org\\\/wp-content\\\/uploads\\\/2025\\\/09\\\/cropped-Maame_Favicon-1.png\",\"width\":512,\"height\":512},{\"@type\":\"BreadcrumbList\",\"@id\":\"https:\\\/\\\/maameinc.org\\\/workforce-development\\\/#breadcrumb\",\"itemListElement\":[{\"@type\":\"ListItem\",\"position\":1,\"name\":\"Home\",\"item\":\"https:\\\/\\\/maameinc.org\\\/\"},{\"@type\":\"ListItem\",\"position\":2,\"name\":\"Workforce Development\"}]},{\"@type\":\"WebSite\",\"@id\":\"https:\\\/\\\/maame.wpenginepowered.com\\\/#website\",\"url\":\"https:\\\/\\\/maame.wpenginepowered.com\\\/\",\"name\":\"Maame\",\"description\":\"Reshaping maternal health\",\"potentialAction\":[{\"@type\":\"SearchAction\",\"target\":{\"@type\":\"EntryPoint\",\"urlTemplate\":\"https:\\\/\\\/maame.wpenginepowered.com\\\/?s={search_term_string}\"},\"query-input\":{\"@type\":\"PropertyValueSpecification\",\"valueRequired\":true,\"valueName\":\"search_term_string\"}}],\"inLanguage\":\"es\"}]}<\/script>\n<!-- \/ Yoast SEO plugin. -->","yoast_head_json":{"title":"Desarrollo de la fuerza laboral | Formaci\u00f3n MAAME para profesionales de la salud materna\u201d","description":"MAAME capacita y asesora a parteras comunitarias, creando empleos, promoviendo la equidad y elevando el nivel de la atenci\u00f3n m\u00e9dica materna.","robots":{"index":"index","follow":"follow","max-snippet":"max-snippet:-1","max-image-preview":"max-image-preview:large","max-video-preview":"max-video-preview:-1"},"canonical":"https:\/\/maameinc.org\/es\/workforce-development\/","og_locale":"es_MX","og_type":"article","og_title":"Workforce Development | MAAME Training Birth Workers\u201d","og_description":"MAAME trains and mentors community-based birth workers, creating jobs, advancing equity, and raising the standard of maternal health care.","og_url":"https:\/\/maameinc.org\/es\/workforce-development\/","og_site_name":"Maame","article_modified_time":"2025-11-07T21:45:43+00:00","og_image":[{"width":512,"height":512,"url":"https:\/\/maameinc.org\/wp-content\/uploads\/2025\/09\/cropped-Maame_Favicon-1.png","type":"image\/png"}],"twitter_card":"summary_large_image","twitter_misc":{"Tiempo de lectura":"1 minuto"},"schema":{"@context":"https:\/\/schema.org","@graph":[{"@type":"WebPage","@id":"https:\/\/maameinc.org\/workforce-development\/","url":"https:\/\/maameinc.org\/workforce-development\/","name":"Desarrollo de la fuerza laboral | Formaci\u00f3n MAAME para profesionales de la salud materna\u201d","isPartOf":{"@id":"https:\/\/maame.wpenginepowered.com\/#website"},"primaryImageOfPage":{"@id":"https:\/\/maameinc.org\/workforce-development\/#primaryimage"},"image":{"@id":"https:\/\/maameinc.org\/workforce-development\/#primaryimage"},"thumbnailUrl":"https:\/\/maameinc.org\/wp-content\/uploads\/2025\/09\/cropped-Maame_Favicon-1.png","datePublished":"2025-07-30T20:53:25+00:00","dateModified":"2025-11-07T21:45:43+00:00","description":"MAAME capacita y asesora a parteras comunitarias, creando empleos, promoviendo la equidad y elevando el nivel de la atenci\u00f3n m\u00e9dica materna.","breadcrumb":{"@id":"https:\/\/maameinc.org\/workforce-development\/#breadcrumb"},"inLanguage":"es","potentialAction":[{"@type":"ReadAction","target":["https:\/\/maameinc.org\/workforce-development\/"]}]},{"@type":"ImageObject","inLanguage":"es","@id":"https:\/\/maameinc.org\/workforce-development\/#primaryimage","url":"https:\/\/maameinc.org\/wp-content\/uploads\/2025\/09\/cropped-Maame_Favicon-1.png","contentUrl":"https:\/\/maameinc.org\/wp-content\/uploads\/2025\/09\/cropped-Maame_Favicon-1.png","width":512,"height":512},{"@type":"BreadcrumbList","@id":"https:\/\/maameinc.org\/workforce-development\/#breadcrumb","itemListElement":[{"@type":"ListItem","position":1,"name":"Home","item":"https:\/\/maameinc.org\/"},{"@type":"ListItem","position":2,"name":"Workforce Development"}]},{"@type":"WebSite","@id":"https:\/\/maame.wpenginepowered.com\/#website","url":"https:\/\/maame.wpenginepowered.com\/","name":"Maame","description":"Reformar la salud materna","potentialAction":[{"@type":"SearchAction","target":{"@type":"EntryPoint","urlTemplate":"https:\/\/maame.wpenginepowered.com\/?s={search_term_string}"},"query-input":{"@type":"PropertyValueSpecification","valueRequired":true,"valueName":"search_term_string"}}],"inLanguage":"es"}]}},"_links":{"self":[{"href":"https:\/\/maameinc.org\/es\/wp-json\/wp\/v2\/pages\/5108","targetHints":{"allow":["GET"]}}],"collection":[{"href":"https:\/\/maameinc.org\/es\/wp-json\/wp\/v2\/pages"}],"about":[{"href":"https:\/\/maameinc.org\/es\/wp-json\/wp\/v2\/types\/page"}],"author":[{"embeddable":true,"href":"https:\/\/maameinc.org\/es\/wp-json\/wp\/v2\/users\/3"}],"replies":[{"embeddable":true,"href":"https:\/\/maameinc.org\/es\/wp-json\/wp\/v2\/comments?post=5108"}],"version-history":[{"count":0,"href":"https:\/\/maameinc.org\/es\/wp-json\/wp\/v2\/pages\/5108\/revisions"}],"wp:featuredmedia":[{"embeddable":true,"href":"https:\/\/maameinc.org\/es\/wp-json\/wp\/v2\/media\/5242"}],"wp:attachment":[{"href":"https:\/\/maameinc.org\/es\/wp-json\/wp\/v2\/media?parent=5108"}],"curies":[{"name":"wp","href":"https:\/\/api.w.org\/{rel}","templated":true}]}}