{"id":5123,"date":"2025-08-01T13:06:04","date_gmt":"2025-08-01T13:06:04","guid":{"rendered":"https:\/\/maameinc.org\/?page_id=5123"},"modified":"2025-09-19T20:25:30","modified_gmt":"2025-09-19T20:25:30","slug":"community-based-research","status":"publish","type":"page","link":"https:\/\/maameinc.org\/es\/community-based-research\/","title":{"rendered":"Investigaci\u00f3n comunitaria"},"content":{"rendered":"<h1>Investigaci\u00f3n comunitaria<\/h1>\r\n<p>Programas creados con las familias, y no solo para ellas, mediante una investigaci\u00f3n colaborativa y participativa.<\/p>\r\n<h2>Cuidados que fortalecen mentes y corazones<\/h2>\r\n<p>Descubra c\u00f3mo nuestros programas de bienestar y apoyo entre pares ayudan a las familias a superar todas las etapas emocionales de la crianza de los hijos, reduciendo el estr\u00e9s, fomentando la confianza y creando una comunidad duradera.<\/p>\r\n<p><a href=\"\/es\/mental-health-wellness\/\" target=\"_self\"> M\u00e1s informaci\u00f3n <\/a><\/p>","protected":false},"excerpt":{"rendered":"<p>Programas de investigaci\u00f3n basados en la comunidad creados con las familias, y no solo para ellas, a trav\u00e9s de una investigaci\u00f3n colaborativa y participativa. Atenci\u00f3n que fortalece la mente y el coraz\u00f3n. Descubra c\u00f3mo nuestros programas de bienestar y apoyo entre pares ayudan a las familias en todas las etapas emocionales de la crianza de los hijos, reduciendo el estr\u00e9s, fomentando la confianza y creando una comunidad duradera. M\u00e1s informaci\u00f3n.<\/p>","protected":false},"author":3,"featured_media":5125,"parent":0,"menu_order":0,"comment_status":"closed","ping_status":"closed","template":"","meta":{"_monsterinsights_skip_tracking":false,"_monsterinsights_sitenote_active":false,"_monsterinsights_sitenote_note":"","_monsterinsights_sitenote_category":0,"footnotes":""},"class_list":["post-5123","page","type-page","status-publish","has-post-thumbnail","hentry"],"yoast_head":"<!-- This site is optimized with the Yoast SEO plugin v27.4 - https:\/\/yoast.com\/product\/yoast-seo-wordpress\/ -->\n<title>Community-Based Research | MAAME Maternal Health Equity<\/title>\n<meta name=\"description\" content=\"MAAME partners with families to co-create research that shapes maternal health systems with equity, trust, and lived experience at the center.\" \/>\n<meta name=\"robots\" content=\"index, follow, max-snippet:-1, max-image-preview:large, max-video-preview:-1\" \/>\n<link rel=\"canonical\" href=\"https:\/\/maame.mystagingwebsite.com\/community-based-research\/\" \/>\n<meta property=\"og:locale\" content=\"es_MX\" \/>\n<meta property=\"og:type\" content=\"article\" \/>\n<meta property=\"og:title\" content=\"Community-Based Research | MAAME Maternal Health Equity\" \/>\n<meta property=\"og:description\" content=\"MAAME partners with families to co-create research that shapes maternal health systems with equity, trust, and lived experience at the center.\" \/>\n<meta property=\"og:url\" content=\"https:\/\/maame.mystagingwebsite.com\/community-based-research\/\" \/>\n<meta property=\"og:site_name\" content=\"Maame\" \/>\n<meta property=\"article:modified_time\" content=\"2025-09-19T20:25:30+00:00\" \/>\n<meta property=\"og:image\" content=\"https:\/\/maame.mystagingwebsite.com\/wp-content\/uploads\/2025\/08\/image-11.png\" \/>\n\t<meta property=\"og:image:width\" content=\"553\" \/>\n\t<meta property=\"og:image:height\" content=\"620\" \/>\n\t<meta property=\"og:image:type\" content=\"image\/png\" \/>\n<meta name=\"twitter:card\" content=\"summary_large_image\" \/>\n<meta name=\"twitter:label1\" content=\"Tiempo de lectura\" \/>\n\t<meta name=\"twitter:data1\" content=\"2 minutos\" \/>\n<script type=\"application\/ld+json\" class=\"yoast-schema-graph\">{\"@context\":\"https:\\\/\\\/schema.org\",\"@graph\":[{\"@type\":\"WebPage\",\"@id\":\"https:\\\/\\\/maame.mystagingwebsite.com\\\/community-based-research\\\/\",\"url\":\"https:\\\/\\\/maame.mystagingwebsite.com\\\/community-based-research\\\/\",\"name\":\"Community-Based Research | MAAME Maternal Health Equity\",\"isPartOf\":{\"@id\":\"https:\\\/\\\/maame.wpenginepowered.com\\\/#website\"},\"primaryImageOfPage\":{\"@id\":\"https:\\\/\\\/maame.mystagingwebsite.com\\\/community-based-research\\\/#primaryimage\"},\"image\":{\"@id\":\"https:\\\/\\\/maame.mystagingwebsite.com\\\/community-based-research\\\/#primaryimage\"},\"thumbnailUrl\":\"https:\\\/\\\/maameinc.org\\\/wp-content\\\/uploads\\\/2025\\\/08\\\/image-11.png\",\"datePublished\":\"2025-08-01T13:06:04+00:00\",\"dateModified\":\"2025-09-19T20:25:30+00:00\",\"description\":\"MAAME partners with families to co-create research that shapes maternal health systems with equity, trust, and lived experience at the center.\",\"breadcrumb\":{\"@id\":\"https:\\\/\\\/maame.mystagingwebsite.com\\\/community-based-research\\\/#breadcrumb\"},\"inLanguage\":\"es\",\"potentialAction\":[{\"@type\":\"ReadAction\",\"target\":[\"https:\\\/\\\/maame.mystagingwebsite.com\\\/community-based-research\\\/\"]}]},{\"@type\":\"ImageObject\",\"inLanguage\":\"es\",\"@id\":\"https:\\\/\\\/maame.mystagingwebsite.com\\\/community-based-research\\\/#primaryimage\",\"url\":\"https:\\\/\\\/maameinc.org\\\/wp-content\\\/uploads\\\/2025\\\/08\\\/image-11.png\",\"contentUrl\":\"https:\\\/\\\/maameinc.org\\\/wp-content\\\/uploads\\\/2025\\\/08\\\/image-11.png\",\"width\":553,\"height\":620},{\"@type\":\"BreadcrumbList\",\"@id\":\"https:\\\/\\\/maame.mystagingwebsite.com\\\/community-based-research\\\/#breadcrumb\",\"itemListElement\":[{\"@type\":\"ListItem\",\"position\":1,\"name\":\"Home\",\"item\":\"https:\\\/\\\/maameinc.org\\\/\"},{\"@type\":\"ListItem\",\"position\":2,\"name\":\"Community-Based Research\"}]},{\"@type\":\"WebSite\",\"@id\":\"https:\\\/\\\/maame.wpenginepowered.com\\\/#website\",\"url\":\"https:\\\/\\\/maame.wpenginepowered.com\\\/\",\"name\":\"Maame\",\"description\":\"Reshaping maternal health\",\"potentialAction\":[{\"@type\":\"SearchAction\",\"target\":{\"@type\":\"EntryPoint\",\"urlTemplate\":\"https:\\\/\\\/maame.wpenginepowered.com\\\/?s={search_term_string}\"},\"query-input\":{\"@type\":\"PropertyValueSpecification\",\"valueRequired\":true,\"valueName\":\"search_term_string\"}}],\"inLanguage\":\"es\"}]}<\/script>\n<!-- \/ Yoast SEO plugin. -->","yoast_head_json":{"title":"Investigaci\u00f3n basada en la comunidad | MAAME Equidad en la salud materna","description":"MAAME se asocia con las familias para crear conjuntamente investigaciones que den forma a los sistemas de salud materna con equidad, confianza y experiencias vividas como eje central.","robots":{"index":"index","follow":"follow","max-snippet":"max-snippet:-1","max-image-preview":"max-image-preview:large","max-video-preview":"max-video-preview:-1"},"canonical":"https:\/\/maame.mystagingwebsite.com\/community-based-research\/","og_locale":"es_MX","og_type":"article","og_title":"Community-Based Research | MAAME Maternal Health Equity","og_description":"MAAME partners with families to co-create research that shapes maternal health systems with equity, trust, and lived experience at the center.","og_url":"https:\/\/maame.mystagingwebsite.com\/community-based-research\/","og_site_name":"Maame","article_modified_time":"2025-09-19T20:25:30+00:00","og_image":[{"width":553,"height":620,"url":"https:\/\/maame.mystagingwebsite.com\/wp-content\/uploads\/2025\/08\/image-11.png","type":"image\/png"}],"twitter_card":"summary_large_image","twitter_misc":{"Tiempo de lectura":"2 minutos"},"schema":{"@context":"https:\/\/schema.org","@graph":[{"@type":"WebPage","@id":"https:\/\/maame.mystagingwebsite.com\/community-based-research\/","url":"https:\/\/maame.mystagingwebsite.com\/community-based-research\/","name":"Investigaci\u00f3n basada en la comunidad | MAAME Equidad en la salud materna","isPartOf":{"@id":"https:\/\/maame.wpenginepowered.com\/#website"},"primaryImageOfPage":{"@id":"https:\/\/maame.mystagingwebsite.com\/community-based-research\/#primaryimage"},"image":{"@id":"https:\/\/maame.mystagingwebsite.com\/community-based-research\/#primaryimage"},"thumbnailUrl":"https:\/\/maameinc.org\/wp-content\/uploads\/2025\/08\/image-11.png","datePublished":"2025-08-01T13:06:04+00:00","dateModified":"2025-09-19T20:25:30+00:00","description":"MAAME se asocia con las familias para crear conjuntamente investigaciones que den forma a los sistemas de salud materna con equidad, confianza y experiencias vividas como eje central.","breadcrumb":{"@id":"https:\/\/maame.mystagingwebsite.com\/community-based-research\/#breadcrumb"},"inLanguage":"es","potentialAction":[{"@type":"ReadAction","target":["https:\/\/maame.mystagingwebsite.com\/community-based-research\/"]}]},{"@type":"ImageObject","inLanguage":"es","@id":"https:\/\/maame.mystagingwebsite.com\/community-based-research\/#primaryimage","url":"https:\/\/maameinc.org\/wp-content\/uploads\/2025\/08\/image-11.png","contentUrl":"https:\/\/maameinc.org\/wp-content\/uploads\/2025\/08\/image-11.png","width":553,"height":620},{"@type":"BreadcrumbList","@id":"https:\/\/maame.mystagingwebsite.com\/community-based-research\/#breadcrumb","itemListElement":[{"@type":"ListItem","position":1,"name":"Home","item":"https:\/\/maameinc.org\/"},{"@type":"ListItem","position":2,"name":"Community-Based Research"}]},{"@type":"WebSite","@id":"https:\/\/maame.wpenginepowered.com\/#website","url":"https:\/\/maame.wpenginepowered.com\/","name":"Maame","description":"Reformar la salud materna","potentialAction":[{"@type":"SearchAction","target":{"@type":"EntryPoint","urlTemplate":"https:\/\/maame.wpenginepowered.com\/?s={search_term_string}"},"query-input":{"@type":"PropertyValueSpecification","valueRequired":true,"valueName":"search_term_string"}}],"inLanguage":"es"}]}},"_links":{"self":[{"href":"https:\/\/maameinc.org\/es\/wp-json\/wp\/v2\/pages\/5123","targetHints":{"allow":["GET"]}}],"collection":[{"href":"https:\/\/maameinc.org\/es\/wp-json\/wp\/v2\/pages"}],"about":[{"href":"https:\/\/maameinc.org\/es\/wp-json\/wp\/v2\/types\/page"}],"author":[{"embeddable":true,"href":"https:\/\/maameinc.org\/es\/wp-json\/wp\/v2\/users\/3"}],"replies":[{"embeddable":true,"href":"https:\/\/maameinc.org\/es\/wp-json\/wp\/v2\/comments?post=5123"}],"version-history":[{"count":0,"href":"https:\/\/maameinc.org\/es\/wp-json\/wp\/v2\/pages\/5123\/revisions"}],"wp:featuredmedia":[{"embeddable":true,"href":"https:\/\/maameinc.org\/es\/wp-json\/wp\/v2\/media\/5125"}],"wp:attachment":[{"href":"https:\/\/maameinc.org\/es\/wp-json\/wp\/v2\/media?parent=5123"}],"curies":[{"name":"wp","href":"https:\/\/api.w.org\/{rel}","templated":true}]}}