{"id":5128,"date":"2025-08-01T17:41:59","date_gmt":"2025-08-01T17:41:59","guid":{"rendered":"https:\/\/maameinc.org\/?page_id=5128"},"modified":"2025-09-19T20:27:16","modified_gmt":"2025-09-19T20:27:16","slug":"environmental-justice","status":"publish","type":"page","link":"https:\/\/maameinc.org\/es\/environmental-justice\/","title":{"rendered":"Justicia medioambiental"},"content":{"rendered":"<h1>Justicia medioambiental<\/h1>\r\n<p>Educaci\u00f3n y acci\u00f3n para abordar las condiciones ambientales que condicionan los resultados de los partos y la salud materna.<\/p>\r\n<h2>Nutrir a las familias desde el principio<\/h2>\r\n<p>Descubra c\u00f3mo nuestro programa Primeros alimentos combina la sabidur\u00eda cultural y el apoyo pr\u00e1ctico para fomentar la lactancia materna, la nutrici\u00f3n y el bienestar posparto.<\/p>\r\n<p><a href=\"\/es\/first-foods\/\" target=\"_self\"> M\u00e1s informaci\u00f3n <\/a><\/p>","protected":false},"excerpt":{"rendered":"<p>Educaci\u00f3n y acci\u00f3n en materia de justicia ambiental para abordar las condiciones ambientales que influyen en los resultados del parto y la salud materna. Nutrir a las familias desde el principio Descubra c\u00f3mo nuestro programa First Foods combina la sabidur\u00eda cultural y el apoyo pr\u00e1ctico para promover la lactancia materna, la nutrici\u00f3n y el bienestar posparto. M\u00e1s informaci\u00f3n<\/p>","protected":false},"author":3,"featured_media":8505,"parent":0,"menu_order":0,"comment_status":"closed","ping_status":"closed","template":"","meta":{"_monsterinsights_skip_tracking":false,"_monsterinsights_sitenote_active":false,"_monsterinsights_sitenote_note":"","_monsterinsights_sitenote_category":0,"footnotes":""},"class_list":["post-5128","page","type-page","status-publish","has-post-thumbnail","hentry"],"yoast_head":"<!-- This site is optimized with the Yoast SEO plugin v27.4 - https:\/\/yoast.com\/product\/yoast-seo-wordpress\/ -->\n<title>Environmental Justice | MAAME Maternal Health &amp; Birth Equity<\/title>\n<meta name=\"description\" content=\"MAAME addresses environmental conditions that impact pregnancy and postpartum health, connecting climate justice with maternal well-being.\" \/>\n<meta name=\"robots\" content=\"index, follow, max-snippet:-1, max-image-preview:large, max-video-preview:-1\" \/>\n<link rel=\"canonical\" href=\"https:\/\/maame.mystagingwebsite.com\/environmental-justice\/\" \/>\n<meta property=\"og:locale\" content=\"es_MX\" \/>\n<meta property=\"og:type\" content=\"article\" \/>\n<meta property=\"og:title\" content=\"Environmental Justice | MAAME Maternal Health &amp; Birth Equity\" \/>\n<meta property=\"og:description\" content=\"MAAME addresses environmental conditions that impact pregnancy and postpartum health, connecting climate justice with maternal well-being.\" \/>\n<meta property=\"og:url\" content=\"https:\/\/maame.mystagingwebsite.com\/environmental-justice\/\" \/>\n<meta property=\"og:site_name\" content=\"Maame\" \/>\n<meta property=\"article:modified_time\" content=\"2025-09-19T20:27:16+00:00\" \/>\n<meta property=\"og:image\" content=\"https:\/\/maame.mystagingwebsite.com\/wp-content\/uploads\/2025\/09\/image-12.png\" \/>\n\t<meta property=\"og:image:width\" content=\"553\" \/>\n\t<meta property=\"og:image:height\" content=\"620\" \/>\n\t<meta property=\"og:image:type\" content=\"image\/png\" \/>\n<meta name=\"twitter:card\" content=\"summary_large_image\" \/>\n<meta name=\"twitter:label1\" content=\"Tiempo de lectura\" \/>\n\t<meta name=\"twitter:data1\" content=\"2 minutos\" \/>\n<script type=\"application\/ld+json\" class=\"yoast-schema-graph\">{\"@context\":\"https:\\\/\\\/schema.org\",\"@graph\":[{\"@type\":\"WebPage\",\"@id\":\"https:\\\/\\\/maame.mystagingwebsite.com\\\/environmental-justice\\\/\",\"url\":\"https:\\\/\\\/maame.mystagingwebsite.com\\\/environmental-justice\\\/\",\"name\":\"Environmental Justice | MAAME Maternal Health & Birth Equity\",\"isPartOf\":{\"@id\":\"https:\\\/\\\/maame.wpenginepowered.com\\\/#website\"},\"primaryImageOfPage\":{\"@id\":\"https:\\\/\\\/maame.mystagingwebsite.com\\\/environmental-justice\\\/#primaryimage\"},\"image\":{\"@id\":\"https:\\\/\\\/maame.mystagingwebsite.com\\\/environmental-justice\\\/#primaryimage\"},\"thumbnailUrl\":\"https:\\\/\\\/maameinc.org\\\/wp-content\\\/uploads\\\/2025\\\/09\\\/image-12.png\",\"datePublished\":\"2025-08-01T17:41:59+00:00\",\"dateModified\":\"2025-09-19T20:27:16+00:00\",\"description\":\"MAAME addresses environmental conditions that impact pregnancy and postpartum health, connecting climate justice with maternal well-being.\",\"breadcrumb\":{\"@id\":\"https:\\\/\\\/maame.mystagingwebsite.com\\\/environmental-justice\\\/#breadcrumb\"},\"inLanguage\":\"es\",\"potentialAction\":[{\"@type\":\"ReadAction\",\"target\":[\"https:\\\/\\\/maame.mystagingwebsite.com\\\/environmental-justice\\\/\"]}]},{\"@type\":\"ImageObject\",\"inLanguage\":\"es\",\"@id\":\"https:\\\/\\\/maame.mystagingwebsite.com\\\/environmental-justice\\\/#primaryimage\",\"url\":\"https:\\\/\\\/maameinc.org\\\/wp-content\\\/uploads\\\/2025\\\/09\\\/image-12.png\",\"contentUrl\":\"https:\\\/\\\/maameinc.org\\\/wp-content\\\/uploads\\\/2025\\\/09\\\/image-12.png\",\"width\":553,\"height\":620},{\"@type\":\"BreadcrumbList\",\"@id\":\"https:\\\/\\\/maame.mystagingwebsite.com\\\/environmental-justice\\\/#breadcrumb\",\"itemListElement\":[{\"@type\":\"ListItem\",\"position\":1,\"name\":\"Home\",\"item\":\"https:\\\/\\\/maameinc.org\\\/\"},{\"@type\":\"ListItem\",\"position\":2,\"name\":\"Environmental Justice\"}]},{\"@type\":\"WebSite\",\"@id\":\"https:\\\/\\\/maame.wpenginepowered.com\\\/#website\",\"url\":\"https:\\\/\\\/maame.wpenginepowered.com\\\/\",\"name\":\"Maame\",\"description\":\"Reshaping maternal health\",\"potentialAction\":[{\"@type\":\"SearchAction\",\"target\":{\"@type\":\"EntryPoint\",\"urlTemplate\":\"https:\\\/\\\/maame.wpenginepowered.com\\\/?s={search_term_string}\"},\"query-input\":{\"@type\":\"PropertyValueSpecification\",\"valueRequired\":true,\"valueName\":\"search_term_string\"}}],\"inLanguage\":\"es\"}]}<\/script>\n<!-- \/ Yoast SEO plugin. -->","yoast_head_json":{"title":"Justicia ambiental | MAAME Salud materna y equidad en el parto","description":"MAAME aborda las condiciones ambientales que afectan al embarazo y la salud posparto, vinculando la justicia clim\u00e1tica con el bienestar materno.","robots":{"index":"index","follow":"follow","max-snippet":"max-snippet:-1","max-image-preview":"max-image-preview:large","max-video-preview":"max-video-preview:-1"},"canonical":"https:\/\/maame.mystagingwebsite.com\/environmental-justice\/","og_locale":"es_MX","og_type":"article","og_title":"Environmental Justice | MAAME Maternal Health & Birth Equity","og_description":"MAAME addresses environmental conditions that impact pregnancy and postpartum health, connecting climate justice with maternal well-being.","og_url":"https:\/\/maame.mystagingwebsite.com\/environmental-justice\/","og_site_name":"Maame","article_modified_time":"2025-09-19T20:27:16+00:00","og_image":[{"width":553,"height":620,"url":"https:\/\/maame.mystagingwebsite.com\/wp-content\/uploads\/2025\/09\/image-12.png","type":"image\/png"}],"twitter_card":"summary_large_image","twitter_misc":{"Tiempo de lectura":"2 minutos"},"schema":{"@context":"https:\/\/schema.org","@graph":[{"@type":"WebPage","@id":"https:\/\/maame.mystagingwebsite.com\/environmental-justice\/","url":"https:\/\/maame.mystagingwebsite.com\/environmental-justice\/","name":"Justicia ambiental | MAAME Salud materna y equidad en el parto","isPartOf":{"@id":"https:\/\/maame.wpenginepowered.com\/#website"},"primaryImageOfPage":{"@id":"https:\/\/maame.mystagingwebsite.com\/environmental-justice\/#primaryimage"},"image":{"@id":"https:\/\/maame.mystagingwebsite.com\/environmental-justice\/#primaryimage"},"thumbnailUrl":"https:\/\/maameinc.org\/wp-content\/uploads\/2025\/09\/image-12.png","datePublished":"2025-08-01T17:41:59+00:00","dateModified":"2025-09-19T20:27:16+00:00","description":"MAAME aborda las condiciones ambientales que afectan al embarazo y la salud posparto, vinculando la justicia clim\u00e1tica con el bienestar materno.","breadcrumb":{"@id":"https:\/\/maame.mystagingwebsite.com\/environmental-justice\/#breadcrumb"},"inLanguage":"es","potentialAction":[{"@type":"ReadAction","target":["https:\/\/maame.mystagingwebsite.com\/environmental-justice\/"]}]},{"@type":"ImageObject","inLanguage":"es","@id":"https:\/\/maame.mystagingwebsite.com\/environmental-justice\/#primaryimage","url":"https:\/\/maameinc.org\/wp-content\/uploads\/2025\/09\/image-12.png","contentUrl":"https:\/\/maameinc.org\/wp-content\/uploads\/2025\/09\/image-12.png","width":553,"height":620},{"@type":"BreadcrumbList","@id":"https:\/\/maame.mystagingwebsite.com\/environmental-justice\/#breadcrumb","itemListElement":[{"@type":"ListItem","position":1,"name":"Home","item":"https:\/\/maameinc.org\/"},{"@type":"ListItem","position":2,"name":"Environmental Justice"}]},{"@type":"WebSite","@id":"https:\/\/maame.wpenginepowered.com\/#website","url":"https:\/\/maame.wpenginepowered.com\/","name":"Maame","description":"Reformar la salud materna","potentialAction":[{"@type":"SearchAction","target":{"@type":"EntryPoint","urlTemplate":"https:\/\/maame.wpenginepowered.com\/?s={search_term_string}"},"query-input":{"@type":"PropertyValueSpecification","valueRequired":true,"valueName":"search_term_string"}}],"inLanguage":"es"}]}},"_links":{"self":[{"href":"https:\/\/maameinc.org\/es\/wp-json\/wp\/v2\/pages\/5128","targetHints":{"allow":["GET"]}}],"collection":[{"href":"https:\/\/maameinc.org\/es\/wp-json\/wp\/v2\/pages"}],"about":[{"href":"https:\/\/maameinc.org\/es\/wp-json\/wp\/v2\/types\/page"}],"author":[{"embeddable":true,"href":"https:\/\/maameinc.org\/es\/wp-json\/wp\/v2\/users\/3"}],"replies":[{"embeddable":true,"href":"https:\/\/maameinc.org\/es\/wp-json\/wp\/v2\/comments?post=5128"}],"version-history":[{"count":0,"href":"https:\/\/maameinc.org\/es\/wp-json\/wp\/v2\/pages\/5128\/revisions"}],"wp:featuredmedia":[{"embeddable":true,"href":"https:\/\/maameinc.org\/es\/wp-json\/wp\/v2\/media\/8505"}],"wp:attachment":[{"href":"https:\/\/maameinc.org\/es\/wp-json\/wp\/v2\/media?parent=5128"}],"curies":[{"name":"wp","href":"https:\/\/api.w.org\/{rel}","templated":true}]}}