{"id":8571,"date":"2025-10-27T22:26:45","date_gmt":"2025-10-27T22:26:45","guid":{"rendered":"https:\/\/maameinc.org\/?page_id=8571"},"modified":"2025-10-30T00:42:03","modified_gmt":"2025-10-30T00:42:03","slug":"village","status":"publish","type":"page","link":"https:\/\/maameinc.org\/es\/village\/","title":{"rendered":"Pueblo"},"content":{"rendered":"<img decoding=\"async\" data-src=\"https:\/\/maameinc.org\/wp-content\/uploads\/2025\/10\/ittakesavilage.png\" alt=\"ittakesavilage\" itemprop=\"image\" height=\"150\" width=\"290\" title=\"ittakesavilage\" onerror=\"this.style.display='none'\" src=\"data:image\/svg+xml;base64,PHN2ZyB3aWR0aD0iMSIgaGVpZ2h0PSIxIiB4bWxucz0iaHR0cDovL3d3dy53My5vcmcvMjAwMC9zdmciPjwvc3ZnPg==\" class=\"lazyload\" style=\"--smush-placeholder-width: 290px; --smush-placeholder-aspect-ratio: 290\/150;\" \/>\n<h2>\n\t\t\t\u00danase al movimiento por la equidad en la salud materna\t<\/h2>\n\t\t\t<a href=\"https:\/\/givebutter.com\/village-2025\" target=\"_blank\" rel=\"noopener\">\n\t\t\t\t\t\t\tRegala hoy\n\t\t\t\t\t<\/a>\n<h2>\n\t\t\tTodas las familias merecen cuidados en los que puedan confiar\t<\/h2>\n\t<p>En toda Carolina del Norte, las familias esperan semanas, o incluso meses, para recibir una atenci\u00f3n en la que puedan confiar. Estamos cambiando esta situaci\u00f3n con un apoyo culturalmente arraigado y dirigido por la comunidad que acompa\u00f1a a las familias desde el embarazo hasta los primeros a\u00f1os de crianza.<\/p>\n\t<p>Demasiados siguen esperando.<\/p>\n\t<p>Su donaci\u00f3n contribuye a que nadie se enfrente solo al embarazo.<\/p>\n\t\t\t\t<img decoding=\"async\" data-src=\"https:\/\/maameinc.org\/wp-content\/uploads\/2025\/10\/50x55.jpg\" alt=\"50x55\" itemprop=\"image\" height=\"762\" width=\"620\" title=\"50x55\" onerror=\"this.style.display='none'\" src=\"data:image\/svg+xml;base64,PHN2ZyB3aWR0aD0iMSIgaGVpZ2h0PSIxIiB4bWxucz0iaHR0cDovL3d3dy53My5vcmcvMjAwMC9zdmciPjwvc3ZnPg==\" class=\"lazyload\" style=\"--smush-placeholder-width: 620px; --smush-placeholder-aspect-ratio: 620\/762;\" \/>\n<h3>\n\t\t\t50 donantes mensuales<br \/> para 50 familias\t<\/h3>\n\t<p>Un apoyo previsible hace posible una atenci\u00f3n coherente.<\/p>\n\t<p>Al comprometerte con $25 al mes, nos ayudas:<\/p>\n\t<p>Mantener a las doulas al lado de los pap\u00e1s durante el embarazo, el parto y el posparto.<\/p>\n\t<p>Proporcionar apoyo a la lactancia y a la salud mental que fomente la confianza y la conexi\u00f3n<\/p>\n\t<p>Ofrecer Primeros Alimentos nutritivos y una educaci\u00f3n que respete la cultura familiar<\/p>\n\t<p>Ampliar los talleres que refuerzan las redes familiares y comunitarias<\/p>\n\t<p>Tu donaci\u00f3n mensual ayuda a las familias a salir de la lista de espera y recibir atenci\u00f3n. Juntos, podemos brindar atenci\u00f3n y conexi\u00f3n a 50 familias este oto\u00f1o, y sentar las bases para miles m\u00e1s en los a\u00f1os venideros.<\/p>\n\t\t\t<a href=\"https:\/\/givebutter.com\/village-2025\" target=\"_blank\" rel=\"noopener\">\n\t\t\t\t\t\t\tConvi\u00e9rtase en Sustentador Mensual\n\t\t\t\t\t<\/a>\n<h3>\n\t\t\tPor qu\u00e9 es importante su donaci\u00f3n\t<\/h3>\n\t<p>Lo que su donaci\u00f3n hace posible:<\/p>\n<h3>\n\t\t\tApoyo de una Doula\t<\/h3>\n\t<p>Orientaci\u00f3n fiable durante el embarazo, el parto y el posparto<\/p>\n<h3>\n\t\t\tUbicaci\u00f3n y apoyo entre pares\t<\/h3>\n\t<p>Ayudar a padres y beb\u00e9s a tener un comienzo fuerte y saludable<\/p>\n<h3>\n\t\t\tBienestar mental y salud\t<\/h3>\n\t<p>Atenci\u00f3n culturalmente adaptada que restablece la confianza y reduce el aislamiento<\/p>\n<h3>\n\t\t\tPrimeros alimentos\t<\/h3>\n\t<p>Productos frescos, apoyo a la lactancia y educaci\u00f3n nutricional para las nuevas familias<\/p>\n\t<p>Cada contribuci\u00f3n, grande o peque\u00f1a, nos acerca a un mundo en el que cada familia tenga la atenci\u00f3n, la dignidad y la comunidad que merece.<\/p>\n\t\t\t<a href=\"https:\/\/givebutter.com\/village-2025\" target=\"_blank\" rel=\"noopener\">\n\t\t\t\t\t\t\tDonar ahora\n\t\t\t\t\t<\/a>\n<h2>\n\t\t\tForme parte del pueblo\t<\/h2>\n\t<p>Estamos transformando la salud materna en Carolina del Norte mediante la formaci\u00f3n de parteras, la ampliaci\u00f3n del acceso y la reimaginaci\u00f3n de los sistemas de atenci\u00f3n a trav\u00e9s del poder de la comunidad. Cuando das, te unes a un movimiento por la equidad en la salud materna construido con y por las personas a las que sirve.<\/p>\n\t<p>Juntos, estamos recuperando el pueblo.<\/p>","protected":false},"excerpt":{"rendered":"<p>\u00danase al movimiento por la equidad en la salud materna. Done hoy. Todas las familias merecen una atenci\u00f3n en la que puedan confiar. En todo Carolina del Norte, las familias esperan semanas, o incluso meses, para recibir una atenci\u00f3n en la que puedan confiar. Estamos cambiando esa situaci\u00f3n con un apoyo culturalmente arraigado y dirigido por la comunidad que acompa\u00f1a a las familias desde el embarazo hasta los primeros a\u00f1os de la crianza. Todav\u00eda hay demasiadas personas esperando. Su...<\/p>","protected":false},"author":1,"featured_media":0,"parent":0,"menu_order":0,"comment_status":"closed","ping_status":"closed","template":"","meta":{"_monsterinsights_skip_tracking":false,"_monsterinsights_sitenote_active":false,"_monsterinsights_sitenote_note":"","_monsterinsights_sitenote_category":0,"footnotes":""},"class_list":["post-8571","page","type-page","status-publish","hentry"],"yoast_head":"<!-- This site is optimized with the Yoast SEO plugin v27.4 - https:\/\/yoast.com\/product\/yoast-seo-wordpress\/ -->\n<title>Village - Maame<\/title>\n<meta name=\"robots\" content=\"index, follow, max-snippet:-1, max-image-preview:large, max-video-preview:-1\" \/>\n<link rel=\"canonical\" href=\"https:\/\/maameinc.org\/es\/village\/\" \/>\n<meta property=\"og:locale\" content=\"es_MX\" \/>\n<meta property=\"og:type\" content=\"article\" \/>\n<meta property=\"og:title\" content=\"Village - Maame\" \/>\n<meta property=\"og:description\" content=\"Join the Movement for Maternal Health Equity Give Today Every Family Deserves Care They Can Trust Across North Carolina, families are waiting weeks, or even months, for care they can trust. We are changing that with culturally rooted, community-led support that walks with families from pregnancy through early parenting. Too many are still waiting. Your&hellip;\" \/>\n<meta property=\"og:url\" content=\"https:\/\/maameinc.org\/es\/village\/\" \/>\n<meta property=\"og:site_name\" content=\"Maame\" \/>\n<meta property=\"article:modified_time\" content=\"2025-10-30T00:42:03+00:00\" \/>\n<meta property=\"og:image\" content=\"https:\/\/maameinc.org\/wp-content\/uploads\/2025\/10\/ittakesavilage.png\" \/>\n<meta name=\"twitter:card\" content=\"summary_large_image\" \/>\n<meta name=\"twitter:label1\" content=\"Tiempo de lectura\" \/>\n\t<meta name=\"twitter:data1\" content=\"2 minutos\" \/>\n<script type=\"application\/ld+json\" class=\"yoast-schema-graph\">{\"@context\":\"https:\\\/\\\/schema.org\",\"@graph\":[{\"@type\":\"WebPage\",\"@id\":\"https:\\\/\\\/maameinc.org\\\/village\\\/\",\"url\":\"https:\\\/\\\/maameinc.org\\\/village\\\/\",\"name\":\"Village - Maame\",\"isPartOf\":{\"@id\":\"https:\\\/\\\/maame.wpenginepowered.com\\\/#website\"},\"primaryImageOfPage\":{\"@id\":\"https:\\\/\\\/maameinc.org\\\/village\\\/#primaryimage\"},\"image\":{\"@id\":\"https:\\\/\\\/maameinc.org\\\/village\\\/#primaryimage\"},\"thumbnailUrl\":\"https:\\\/\\\/maameinc.org\\\/wp-content\\\/uploads\\\/2025\\\/10\\\/ittakesavilage.png\",\"datePublished\":\"2025-10-27T22:26:45+00:00\",\"dateModified\":\"2025-10-30T00:42:03+00:00\",\"breadcrumb\":{\"@id\":\"https:\\\/\\\/maameinc.org\\\/village\\\/#breadcrumb\"},\"inLanguage\":\"es\",\"potentialAction\":[{\"@type\":\"ReadAction\",\"target\":[\"https:\\\/\\\/maameinc.org\\\/village\\\/\"]}]},{\"@type\":\"ImageObject\",\"inLanguage\":\"es\",\"@id\":\"https:\\\/\\\/maameinc.org\\\/village\\\/#primaryimage\",\"url\":\"https:\\\/\\\/maameinc.org\\\/wp-content\\\/uploads\\\/2025\\\/10\\\/ittakesavilage.png\",\"contentUrl\":\"https:\\\/\\\/maameinc.org\\\/wp-content\\\/uploads\\\/2025\\\/10\\\/ittakesavilage.png\"},{\"@type\":\"BreadcrumbList\",\"@id\":\"https:\\\/\\\/maameinc.org\\\/village\\\/#breadcrumb\",\"itemListElement\":[{\"@type\":\"ListItem\",\"position\":1,\"name\":\"Home\",\"item\":\"https:\\\/\\\/maameinc.org\\\/\"},{\"@type\":\"ListItem\",\"position\":2,\"name\":\"Village\"}]},{\"@type\":\"WebSite\",\"@id\":\"https:\\\/\\\/maame.wpenginepowered.com\\\/#website\",\"url\":\"https:\\\/\\\/maame.wpenginepowered.com\\\/\",\"name\":\"Maame\",\"description\":\"Reshaping maternal health\",\"potentialAction\":[{\"@type\":\"SearchAction\",\"target\":{\"@type\":\"EntryPoint\",\"urlTemplate\":\"https:\\\/\\\/maame.wpenginepowered.com\\\/?s={search_term_string}\"},\"query-input\":{\"@type\":\"PropertyValueSpecification\",\"valueRequired\":true,\"valueName\":\"search_term_string\"}}],\"inLanguage\":\"es\"}]}<\/script>\n<!-- \/ Yoast SEO plugin. -->","yoast_head_json":{"title":"Pueblo - Maame","robots":{"index":"index","follow":"follow","max-snippet":"max-snippet:-1","max-image-preview":"max-image-preview:large","max-video-preview":"max-video-preview:-1"},"canonical":"https:\/\/maameinc.org\/es\/village\/","og_locale":"es_MX","og_type":"article","og_title":"Village - Maame","og_description":"Join the Movement for Maternal Health Equity Give Today Every Family Deserves Care They Can Trust Across North Carolina, families are waiting weeks, or even months, for care they can trust. We are changing that with culturally rooted, community-led support that walks with families from pregnancy through early parenting. Too many are still waiting. Your&hellip;","og_url":"https:\/\/maameinc.org\/es\/village\/","og_site_name":"Maame","article_modified_time":"2025-10-30T00:42:03+00:00","og_image":[{"url":"https:\/\/maameinc.org\/wp-content\/uploads\/2025\/10\/ittakesavilage.png","type":"","width":"","height":""}],"twitter_card":"summary_large_image","twitter_misc":{"Tiempo de lectura":"2 minutos"},"schema":{"@context":"https:\/\/schema.org","@graph":[{"@type":"WebPage","@id":"https:\/\/maameinc.org\/village\/","url":"https:\/\/maameinc.org\/village\/","name":"Pueblo - Maame","isPartOf":{"@id":"https:\/\/maame.wpenginepowered.com\/#website"},"primaryImageOfPage":{"@id":"https:\/\/maameinc.org\/village\/#primaryimage"},"image":{"@id":"https:\/\/maameinc.org\/village\/#primaryimage"},"thumbnailUrl":"https:\/\/maameinc.org\/wp-content\/uploads\/2025\/10\/ittakesavilage.png","datePublished":"2025-10-27T22:26:45+00:00","dateModified":"2025-10-30T00:42:03+00:00","breadcrumb":{"@id":"https:\/\/maameinc.org\/village\/#breadcrumb"},"inLanguage":"es","potentialAction":[{"@type":"ReadAction","target":["https:\/\/maameinc.org\/village\/"]}]},{"@type":"ImageObject","inLanguage":"es","@id":"https:\/\/maameinc.org\/village\/#primaryimage","url":"https:\/\/maameinc.org\/wp-content\/uploads\/2025\/10\/ittakesavilage.png","contentUrl":"https:\/\/maameinc.org\/wp-content\/uploads\/2025\/10\/ittakesavilage.png"},{"@type":"BreadcrumbList","@id":"https:\/\/maameinc.org\/village\/#breadcrumb","itemListElement":[{"@type":"ListItem","position":1,"name":"Home","item":"https:\/\/maameinc.org\/"},{"@type":"ListItem","position":2,"name":"Village"}]},{"@type":"WebSite","@id":"https:\/\/maame.wpenginepowered.com\/#website","url":"https:\/\/maame.wpenginepowered.com\/","name":"Maame","description":"Reformar la salud materna","potentialAction":[{"@type":"SearchAction","target":{"@type":"EntryPoint","urlTemplate":"https:\/\/maame.wpenginepowered.com\/?s={search_term_string}"},"query-input":{"@type":"PropertyValueSpecification","valueRequired":true,"valueName":"search_term_string"}}],"inLanguage":"es"}]}},"_links":{"self":[{"href":"https:\/\/maameinc.org\/es\/wp-json\/wp\/v2\/pages\/8571","targetHints":{"allow":["GET"]}}],"collection":[{"href":"https:\/\/maameinc.org\/es\/wp-json\/wp\/v2\/pages"}],"about":[{"href":"https:\/\/maameinc.org\/es\/wp-json\/wp\/v2\/types\/page"}],"author":[{"embeddable":true,"href":"https:\/\/maameinc.org\/es\/wp-json\/wp\/v2\/users\/1"}],"replies":[{"embeddable":true,"href":"https:\/\/maameinc.org\/es\/wp-json\/wp\/v2\/comments?post=8571"}],"version-history":[{"count":0,"href":"https:\/\/maameinc.org\/es\/wp-json\/wp\/v2\/pages\/8571\/revisions"}],"wp:attachment":[{"href":"https:\/\/maameinc.org\/es\/wp-json\/wp\/v2\/media?parent=8571"}],"curies":[{"name":"wp","href":"https:\/\/api.w.org\/{rel}","templated":true}]}}