{"id":8631,"date":"2025-11-06T21:41:38","date_gmt":"2025-11-06T21:41:38","guid":{"rendered":"https:\/\/maameinc.org\/?page_id=8631"},"modified":"2025-11-11T17:39:10","modified_gmt":"2025-11-11T17:39:10","slug":"apply","status":"publish","type":"page","link":"https:\/\/maameinc.org\/es\/apply\/","title":{"rendered":"Solicitar"},"content":{"rendered":"<h1>\n\t\t\tReciba la atenci\u00f3n que merece\t<\/h1>\n\t<p>Solicite hoy mismo apoyo comunitario y cultural durante el embarazo, el parto y m\u00e1s all\u00e1.<\/p>\n\t<p>MAAME facilita el acceso a una atenci\u00f3n perinatal de alta calidad y asequible a trav\u00e9s de nuestros programas comunitarios de doulas y salud materna. Tanto si est\u00e1s embarazada, en el posparto o criando a tus hijos, nuestro equipo est\u00e1 aqu\u00ed para acompa\u00f1arte en cada paso del camino.<\/p>\n<h2>\n\t\t\tC\u00f3mo solicitarlo\t<\/h2>\n\t<p>1. Solicitud en l\u00ednea: Rellene nuestro formulario de admisi\u00f3n en l\u00ednea para empezar.<\/p>\n<p>2. Imprima y env\u00ede la solicitud: Descargue e imprima este formulario y env\u00edelo por correo a: 1208 Fayetteville St., Durham, NC 27707<\/p>\n<p>3. Remita a alguien que le importe: \u00bfConoces a alguna familia que necesite ayuda? Env\u00ede nuestro formulario de remisi\u00f3n para ponerlos en contacto con la atenci\u00f3n.<\/p>\n<p>4. Referencias por fax: Si no puede utilizar el formulario en l\u00ednea, llene nuestro formulario de referencia imprimible y env\u00edelo por fax al 919-500-7616.<\/p>\n<h2>\n\t\t\t\u00bfListo para empezar?\t<\/h2>\n\t<p>Una vez recibido su formulario, un miembro del personal del MAAME se pondr\u00e1 en contacto con usted en un plazo de tres a cinco d\u00edas laborables para programar una conversaci\u00f3n de admisi\u00f3n y ayudarle a acceder a los servicios adecuados.<\/p>\n\t\t\t<a href=\"https:\/\/intakeq.com\/new\/jc9r9a\/hfkvwd\" target=\"_blank\" rel=\"noopener\">\n\t\t\t\t\t\t\tSolicitar\n\t\t\t\t\t<\/a>\n\t\t\t<a href=\"https:\/\/intakeq.com\/new\/jc9r9a\/79fi6u\" target=\"_blank\" rel=\"noopener\">\n\t\t\t\t\t\t\tAplicar\n\t\t\t\t\t<\/a>","protected":false},"excerpt":{"rendered":"<p>Reciba la atenci\u00f3n que se merece Solicite hoy mismo apoyo culturalmente afirmativo y arraigado en la comunidad durante el embarazo, el parto y m\u00e1s all\u00e1. MAAME facilita el acceso a una atenci\u00f3n perinatal de alta calidad y asequible a trav\u00e9s de nuestros programas comunitarios de doulas y salud materna. Tanto si est\u00e1 embarazada, en el posparto o criando a sus hijos, nuestro equipo est\u00e1 aqu\u00ed para acompa\u00f1arla en cada paso del camino. \u00bfC\u00f3mo?<\/p>","protected":false},"author":1,"featured_media":5242,"parent":0,"menu_order":0,"comment_status":"closed","ping_status":"closed","template":"","meta":{"_monsterinsights_skip_tracking":false,"_monsterinsights_sitenote_active":false,"_monsterinsights_sitenote_note":"","_monsterinsights_sitenote_category":0,"footnotes":""},"class_list":["post-8631","page","type-page","status-publish","has-post-thumbnail","hentry"],"yoast_head":"<!-- This site is optimized with the Yoast SEO plugin v27.4 - https:\/\/yoast.com\/product\/yoast-seo-wordpress\/ -->\n<title>Apply | MAAME Community-Rooted Maternal Health<\/title>\n<meta name=\"description\" content=\"Apply today for community-rooted, culturally affirming support through pregnancy, birth, and beyond.\" \/>\n<meta name=\"robots\" content=\"index, follow, max-snippet:-1, max-image-preview:large, max-video-preview:-1\" \/>\n<link rel=\"canonical\" href=\"https:\/\/maameinc.org\/es\/apply\/\" \/>\n<meta property=\"og:locale\" content=\"es_MX\" \/>\n<meta property=\"og:type\" content=\"article\" \/>\n<meta property=\"og:title\" content=\"Apply | MAAME Community-Rooted Maternal Health\" \/>\n<meta property=\"og:description\" content=\"Apply today for community-rooted, culturally affirming support through pregnancy, birth, and beyond.\" \/>\n<meta property=\"og:url\" content=\"https:\/\/maameinc.org\/es\/apply\/\" \/>\n<meta property=\"og:site_name\" content=\"Maame\" \/>\n<meta property=\"article:modified_time\" content=\"2025-11-11T17:39:10+00:00\" \/>\n<meta property=\"og:image\" content=\"https:\/\/maameinc.org\/wp-content\/uploads\/2025\/09\/cropped-Maame_Favicon-1.png\" \/>\n\t<meta property=\"og:image:width\" content=\"512\" \/>\n\t<meta property=\"og:image:height\" content=\"512\" \/>\n\t<meta property=\"og:image:type\" content=\"image\/png\" \/>\n<meta name=\"twitter:card\" content=\"summary_large_image\" \/>\n<meta name=\"twitter:label1\" content=\"Tiempo de lectura\" \/>\n\t<meta name=\"twitter:data1\" content=\"1 minuto\" \/>\n<script type=\"application\/ld+json\" class=\"yoast-schema-graph\">{\"@context\":\"https:\\\/\\\/schema.org\",\"@graph\":[{\"@type\":\"WebPage\",\"@id\":\"https:\\\/\\\/maameinc.org\\\/apply\\\/\",\"url\":\"https:\\\/\\\/maameinc.org\\\/apply\\\/\",\"name\":\"Apply | MAAME Community-Rooted Maternal Health\",\"isPartOf\":{\"@id\":\"https:\\\/\\\/maame.wpenginepowered.com\\\/#website\"},\"primaryImageOfPage\":{\"@id\":\"https:\\\/\\\/maameinc.org\\\/apply\\\/#primaryimage\"},\"image\":{\"@id\":\"https:\\\/\\\/maameinc.org\\\/apply\\\/#primaryimage\"},\"thumbnailUrl\":\"https:\\\/\\\/maameinc.org\\\/wp-content\\\/uploads\\\/2025\\\/09\\\/cropped-Maame_Favicon-1.png\",\"datePublished\":\"2025-11-06T21:41:38+00:00\",\"dateModified\":\"2025-11-11T17:39:10+00:00\",\"description\":\"Apply today for community-rooted, culturally affirming support through pregnancy, birth, and beyond.\",\"breadcrumb\":{\"@id\":\"https:\\\/\\\/maameinc.org\\\/apply\\\/#breadcrumb\"},\"inLanguage\":\"es\",\"potentialAction\":[{\"@type\":\"ReadAction\",\"target\":[\"https:\\\/\\\/maameinc.org\\\/apply\\\/\"]}]},{\"@type\":\"ImageObject\",\"inLanguage\":\"es\",\"@id\":\"https:\\\/\\\/maameinc.org\\\/apply\\\/#primaryimage\",\"url\":\"https:\\\/\\\/maameinc.org\\\/wp-content\\\/uploads\\\/2025\\\/09\\\/cropped-Maame_Favicon-1.png\",\"contentUrl\":\"https:\\\/\\\/maameinc.org\\\/wp-content\\\/uploads\\\/2025\\\/09\\\/cropped-Maame_Favicon-1.png\",\"width\":512,\"height\":512},{\"@type\":\"BreadcrumbList\",\"@id\":\"https:\\\/\\\/maameinc.org\\\/apply\\\/#breadcrumb\",\"itemListElement\":[{\"@type\":\"ListItem\",\"position\":1,\"name\":\"Home\",\"item\":\"https:\\\/\\\/maameinc.org\\\/\"},{\"@type\":\"ListItem\",\"position\":2,\"name\":\"Apply\"}]},{\"@type\":\"WebSite\",\"@id\":\"https:\\\/\\\/maame.wpenginepowered.com\\\/#website\",\"url\":\"https:\\\/\\\/maame.wpenginepowered.com\\\/\",\"name\":\"Maame\",\"description\":\"Reshaping maternal health\",\"potentialAction\":[{\"@type\":\"SearchAction\",\"target\":{\"@type\":\"EntryPoint\",\"urlTemplate\":\"https:\\\/\\\/maame.wpenginepowered.com\\\/?s={search_term_string}\"},\"query-input\":{\"@type\":\"PropertyValueSpecification\",\"valueRequired\":true,\"valueName\":\"search_term_string\"}}],\"inLanguage\":\"es\"}]}<\/script>\n<!-- \/ Yoast SEO plugin. -->","yoast_head_json":{"title":"Solicitar | MAAME Salud materna arraigada en la comunidad","description":"Solicite hoy mismo apoyo comunitario y cultural durante el embarazo, el parto y m\u00e1s all\u00e1.","robots":{"index":"index","follow":"follow","max-snippet":"max-snippet:-1","max-image-preview":"max-image-preview:large","max-video-preview":"max-video-preview:-1"},"canonical":"https:\/\/maameinc.org\/es\/apply\/","og_locale":"es_MX","og_type":"article","og_title":"Apply | MAAME Community-Rooted Maternal Health","og_description":"Apply today for community-rooted, culturally affirming support through pregnancy, birth, and beyond.","og_url":"https:\/\/maameinc.org\/es\/apply\/","og_site_name":"Maame","article_modified_time":"2025-11-11T17:39:10+00:00","og_image":[{"width":512,"height":512,"url":"https:\/\/maameinc.org\/wp-content\/uploads\/2025\/09\/cropped-Maame_Favicon-1.png","type":"image\/png"}],"twitter_card":"summary_large_image","twitter_misc":{"Tiempo de lectura":"1 minuto"},"schema":{"@context":"https:\/\/schema.org","@graph":[{"@type":"WebPage","@id":"https:\/\/maameinc.org\/apply\/","url":"https:\/\/maameinc.org\/apply\/","name":"Solicitar | MAAME Salud materna arraigada en la comunidad","isPartOf":{"@id":"https:\/\/maame.wpenginepowered.com\/#website"},"primaryImageOfPage":{"@id":"https:\/\/maameinc.org\/apply\/#primaryimage"},"image":{"@id":"https:\/\/maameinc.org\/apply\/#primaryimage"},"thumbnailUrl":"https:\/\/maameinc.org\/wp-content\/uploads\/2025\/09\/cropped-Maame_Favicon-1.png","datePublished":"2025-11-06T21:41:38+00:00","dateModified":"2025-11-11T17:39:10+00:00","description":"Solicite hoy mismo apoyo comunitario y cultural durante el embarazo, el parto y m\u00e1s all\u00e1.","breadcrumb":{"@id":"https:\/\/maameinc.org\/apply\/#breadcrumb"},"inLanguage":"es","potentialAction":[{"@type":"ReadAction","target":["https:\/\/maameinc.org\/apply\/"]}]},{"@type":"ImageObject","inLanguage":"es","@id":"https:\/\/maameinc.org\/apply\/#primaryimage","url":"https:\/\/maameinc.org\/wp-content\/uploads\/2025\/09\/cropped-Maame_Favicon-1.png","contentUrl":"https:\/\/maameinc.org\/wp-content\/uploads\/2025\/09\/cropped-Maame_Favicon-1.png","width":512,"height":512},{"@type":"BreadcrumbList","@id":"https:\/\/maameinc.org\/apply\/#breadcrumb","itemListElement":[{"@type":"ListItem","position":1,"name":"Home","item":"https:\/\/maameinc.org\/"},{"@type":"ListItem","position":2,"name":"Apply"}]},{"@type":"WebSite","@id":"https:\/\/maame.wpenginepowered.com\/#website","url":"https:\/\/maame.wpenginepowered.com\/","name":"Maame","description":"Reformar la salud materna","potentialAction":[{"@type":"SearchAction","target":{"@type":"EntryPoint","urlTemplate":"https:\/\/maame.wpenginepowered.com\/?s={search_term_string}"},"query-input":{"@type":"PropertyValueSpecification","valueRequired":true,"valueName":"search_term_string"}}],"inLanguage":"es"}]}},"_links":{"self":[{"href":"https:\/\/maameinc.org\/es\/wp-json\/wp\/v2\/pages\/8631","targetHints":{"allow":["GET"]}}],"collection":[{"href":"https:\/\/maameinc.org\/es\/wp-json\/wp\/v2\/pages"}],"about":[{"href":"https:\/\/maameinc.org\/es\/wp-json\/wp\/v2\/types\/page"}],"author":[{"embeddable":true,"href":"https:\/\/maameinc.org\/es\/wp-json\/wp\/v2\/users\/1"}],"replies":[{"embeddable":true,"href":"https:\/\/maameinc.org\/es\/wp-json\/wp\/v2\/comments?post=8631"}],"version-history":[{"count":0,"href":"https:\/\/maameinc.org\/es\/wp-json\/wp\/v2\/pages\/8631\/revisions"}],"wp:featuredmedia":[{"embeddable":true,"href":"https:\/\/maameinc.org\/es\/wp-json\/wp\/v2\/media\/5242"}],"wp:attachment":[{"href":"https:\/\/maameinc.org\/es\/wp-json\/wp\/v2\/media?parent=8631"}],"curies":[{"name":"wp","href":"https:\/\/api.w.org\/{rel}","templated":true}]}}